{"id":2915,"date":"2015-07-16T16:00:39","date_gmt":"2015-07-16T15:00:39","guid":{"rendered":"https:\/\/skandinaviskautflykter.com\/kontakt-oss\/"},"modified":"2025-10-22T14:46:17","modified_gmt":"2025-10-22T13:46:17","slug":"kontakt-oss","status":"publish","type":"page","link":"https:\/\/skandinaviskautflykter.com\/no\/kontakt-oss\/","title":{"rendered":"Kontakt oss"},"content":{"rendered":"<div class=\"wpb-content-wrapper\"><p>[vc_row][vc_column width=&raquo;1\/3&#8243;][\/vc_column][vc_column width=&raquo;1\/3&#8243;][vc_empty_space height=&raquo;40px&raquo; el_class=&raquo;visible-sm visible-xs&raquo;]<div class=\"title\">\n\t\t\t<div class=\"title__subtitle\">\u00d8nsker du \u00e5 prate?<\/div>\n\t\t<h3 class=\"title__primary\">Kontaktinformasjon<\/h3>\n<\/div>\n[vc_column_text]Hvis du har en historie \u00e5 dele eller et sp\u00f8rsm\u00e5l som ikke er besvart p\u00e5 v\u00e5r nettside, vennligst ta kontakt med oss via kontaktinformasjonen nedenfor, eller fyll ut skjemaet til h\u00f8yre.<br \/>\n[\/vc_column_text]<div class=\"contact-info\">\n\t\n\t<div class=\"contact-info__item\"><a href=\"tel:+34603836509\"><span class=\"contact-info__item__icon\"><i class=\"fa fa-phone\"><\/i><\/span><span class=\"contact-info__item__text\">+34 603 836 509<\/span><\/a><\/div>\n\t\n\t<div class=\"contact-info__item\"><a href=\"mailto:gc@skandinaviskautflykter.com\"><span class=\"contact-info__item__icon\"><i class=\"fa fa-envelope contact-info__item__icon__email\"><\/i><\/span><span class=\"contact-info__item__text\">gc@skandinaviskautflykter.com<\/span><\/a><\/div>\n\t<\/div>\n[vc_empty_space height=&raquo;40px&raquo; el_class=&raquo;visible-sm visible-xs&raquo;][vc_empty_space height=&raquo;40px&raquo; el_class=&raquo;visible-sm visible-xs&raquo;][\/vc_column][vc_column width=&raquo;1\/3&#8243;][\/vc_column][\/vc_row]<\/p>\n<\/div>","protected":false},"excerpt":{"rendered":"<p>[vc_row][vc_column width=&raquo;1\/3&#8243;][\/vc_column][vc_column width=&raquo;1\/3&#8243;][vc_empty_space height=&raquo;40px&raquo; el_class=&raquo;visible-sm visible-xs&raquo;][vc_column_text]Hvis du har en historie \u00e5 dele eller et sp\u00f8rsm\u00e5l som ikke er besvart p\u00e5 v\u00e5r nettside, vennligst ta kontakt med oss via kontaktinformasjonen nedenfor, eller fyll ut skjemaet til h\u00f8yre. [\/vc_column_text][vc_empty_space height=&raquo;40px&raquo; el_class=&raquo;visible-sm visible-xs&raquo;][vc_empty_space height=&raquo;40px&raquo; el_class=&raquo;visible-sm visible-xs&raquo;][\/vc_column][vc_column width=&raquo;1\/3&#8243;][\/vc_column][\/vc_row]<\/p>\n","protected":false},"author":2,"featured_media":0,"parent":0,"menu_order":0,"comment_status":"open","ping_status":"open","template":"","meta":{"_glsr_average":0,"_glsr_ranking":0,"_glsr_reviews":0,"footnotes":""},"class_list":["post-2915","page","type-page","status-publish","hentry"],"yoast_head":"<!-- This site is optimized with the Yoast SEO plugin v27.1 - https:\/\/yoast.com\/product\/yoast-seo-wordpress\/ -->\n<title>Kontakt oss - Skandinaviska Utflykter<\/title>\n<meta name=\"robots\" content=\"index, follow, max-snippet:-1, max-image-preview:large, max-video-preview:-1\" \/>\n<link rel=\"canonical\" href=\"https:\/\/skandinaviskautflykter.com\/no\/kontakt-oss\/\" \/>\n<meta property=\"og:locale\" content=\"nb_NO\" \/>\n<meta property=\"og:type\" content=\"article\" \/>\n<meta property=\"og:title\" content=\"Kontakt oss - Skandinaviska Utflykter\" \/>\n<meta property=\"og:description\" content=\"[vc_row][vc_column width=&raquo;1\/3&#8243;][\/vc_column][vc_column width=&raquo;1\/3&#8243;][vc_empty_space height=&raquo;40px&raquo; el_class=&raquo;visible-sm visible-xs&raquo;][vc_column_text]Hvis du har en historie \u00e5 dele eller et sp\u00f8rsm\u00e5l som ikke er besvart p\u00e5 v\u00e5r nettside, vennligst ta kontakt med oss via kontaktinformasjonen nedenfor, eller fyll ut skjemaet til h\u00f8yre. [\/vc_column_text][vc_empty_space height=&raquo;40px&raquo; el_class=&raquo;visible-sm visible-xs&raquo;][vc_empty_space height=&raquo;40px&raquo; el_class=&raquo;visible-sm visible-xs&raquo;][\/vc_column][vc_column width=&raquo;1\/3&#8243;][\/vc_column][\/vc_row]\" \/>\n<meta property=\"og:url\" content=\"https:\/\/skandinaviskautflykter.com\/no\/kontakt-oss\/\" \/>\n<meta property=\"og:site_name\" content=\"Skandinaviska Utflykter\" \/>\n<meta property=\"article:modified_time\" content=\"2025-10-22T13:46:17+00:00\" \/>\n<meta name=\"twitter:card\" content=\"summary_large_image\" \/>\n<script type=\"application\/ld+json\" class=\"yoast-schema-graph\">{\"@context\":\"https:\/\/schema.org\",\"@graph\":[{\"@type\":\"WebPage\",\"@id\":\"https:\/\/skandinaviskautflykter.com\/no\/kontakt-oss\/\",\"url\":\"https:\/\/skandinaviskautflykter.com\/no\/kontakt-oss\/\",\"name\":\"Kontakt oss - Skandinaviska Utflykter\",\"isPartOf\":{\"@id\":\"https:\/\/skandinaviskautflykter.com\/no\/#website\"},\"datePublished\":\"2015-07-16T15:00:39+00:00\",\"dateModified\":\"2025-10-22T13:46:17+00:00\",\"breadcrumb\":{\"@id\":\"https:\/\/skandinaviskautflykter.com\/no\/kontakt-oss\/#breadcrumb\"},\"inLanguage\":\"nb-NO\",\"potentialAction\":[{\"@type\":\"ReadAction\",\"target\":[\"https:\/\/skandinaviskautflykter.com\/no\/kontakt-oss\/\"]}]},{\"@type\":\"BreadcrumbList\",\"@id\":\"https:\/\/skandinaviskautflykter.com\/no\/kontakt-oss\/#breadcrumb\",\"itemListElement\":[{\"@type\":\"ListItem\",\"position\":1,\"name\":\"Home\",\"item\":\"https:\/\/skandinaviskautflykter.com\/no\/\"},{\"@type\":\"ListItem\",\"position\":2,\"name\":\"Kontakt oss\"}]},{\"@type\":\"WebSite\",\"@id\":\"https:\/\/skandinaviskautflykter.com\/no\/#website\",\"url\":\"https:\/\/skandinaviskautflykter.com\/no\/\",\"name\":\"Skandinaviska Utflykter\",\"description\":\"Discover the best of the Canary Islands with those who know them best\",\"publisher\":{\"@id\":\"https:\/\/skandinaviskautflykter.com\/no\/#organization\"},\"potentialAction\":[{\"@type\":\"SearchAction\",\"target\":{\"@type\":\"EntryPoint\",\"urlTemplate\":\"https:\/\/skandinaviskautflykter.com\/no\/?s={search_term_string}\"},\"query-input\":{\"@type\":\"PropertyValueSpecification\",\"valueRequired\":true,\"valueName\":\"search_term_string\"}}],\"inLanguage\":\"nb-NO\"},{\"@type\":\"Organization\",\"@id\":\"https:\/\/skandinaviskautflykter.com\/no\/#organization\",\"name\":\"Skandinaviska Utflykter\",\"url\":\"https:\/\/skandinaviskautflykter.com\/no\/\",\"logo\":{\"@type\":\"ImageObject\",\"inLanguage\":\"nb-NO\",\"@id\":\"https:\/\/skandinaviskautflykter.com\/no\/#\/schema\/logo\/image\/\",\"url\":\"https:\/\/skandinaviskautflykter.com\/wp-content\/uploads\/logo-big.png\",\"contentUrl\":\"https:\/\/skandinaviskautflykter.com\/wp-content\/uploads\/logo-big.png\",\"width\":317,\"height\":141,\"caption\":\"Skandinaviska Utflykter\"},\"image\":{\"@id\":\"https:\/\/skandinaviskautflykter.com\/no\/#\/schema\/logo\/image\/\"}}]}<\/script>\n<!-- \/ Yoast SEO plugin. -->","yoast_head_json":{"title":"Kontakt oss - Skandinaviska Utflykter","robots":{"index":"index","follow":"follow","max-snippet":"max-snippet:-1","max-image-preview":"max-image-preview:large","max-video-preview":"max-video-preview:-1"},"canonical":"https:\/\/skandinaviskautflykter.com\/no\/kontakt-oss\/","og_locale":"nb_NO","og_type":"article","og_title":"Kontakt oss - Skandinaviska Utflykter","og_description":"[vc_row][vc_column width=&raquo;1\/3&#8243;][\/vc_column][vc_column width=&raquo;1\/3&#8243;][vc_empty_space height=&raquo;40px&raquo; el_class=&raquo;visible-sm visible-xs&raquo;][vc_column_text]Hvis du har en historie \u00e5 dele eller et sp\u00f8rsm\u00e5l som ikke er besvart p\u00e5 v\u00e5r nettside, vennligst ta kontakt med oss via kontaktinformasjonen nedenfor, eller fyll ut skjemaet til h\u00f8yre. [\/vc_column_text][vc_empty_space height=&raquo;40px&raquo; el_class=&raquo;visible-sm visible-xs&raquo;][vc_empty_space height=&raquo;40px&raquo; el_class=&raquo;visible-sm visible-xs&raquo;][\/vc_column][vc_column width=&raquo;1\/3&#8243;][\/vc_column][\/vc_row]","og_url":"https:\/\/skandinaviskautflykter.com\/no\/kontakt-oss\/","og_site_name":"Skandinaviska Utflykter","article_modified_time":"2025-10-22T13:46:17+00:00","twitter_card":"summary_large_image","schema":{"@context":"https:\/\/schema.org","@graph":[{"@type":"WebPage","@id":"https:\/\/skandinaviskautflykter.com\/no\/kontakt-oss\/","url":"https:\/\/skandinaviskautflykter.com\/no\/kontakt-oss\/","name":"Kontakt oss - Skandinaviska Utflykter","isPartOf":{"@id":"https:\/\/skandinaviskautflykter.com\/no\/#website"},"datePublished":"2015-07-16T15:00:39+00:00","dateModified":"2025-10-22T13:46:17+00:00","breadcrumb":{"@id":"https:\/\/skandinaviskautflykter.com\/no\/kontakt-oss\/#breadcrumb"},"inLanguage":"nb-NO","potentialAction":[{"@type":"ReadAction","target":["https:\/\/skandinaviskautflykter.com\/no\/kontakt-oss\/"]}]},{"@type":"BreadcrumbList","@id":"https:\/\/skandinaviskautflykter.com\/no\/kontakt-oss\/#breadcrumb","itemListElement":[{"@type":"ListItem","position":1,"name":"Home","item":"https:\/\/skandinaviskautflykter.com\/no\/"},{"@type":"ListItem","position":2,"name":"Kontakt oss"}]},{"@type":"WebSite","@id":"https:\/\/skandinaviskautflykter.com\/no\/#website","url":"https:\/\/skandinaviskautflykter.com\/no\/","name":"Skandinaviska Utflykter","description":"Discover the best of the Canary Islands with those who know them best","publisher":{"@id":"https:\/\/skandinaviskautflykter.com\/no\/#organization"},"potentialAction":[{"@type":"SearchAction","target":{"@type":"EntryPoint","urlTemplate":"https:\/\/skandinaviskautflykter.com\/no\/?s={search_term_string}"},"query-input":{"@type":"PropertyValueSpecification","valueRequired":true,"valueName":"search_term_string"}}],"inLanguage":"nb-NO"},{"@type":"Organization","@id":"https:\/\/skandinaviskautflykter.com\/no\/#organization","name":"Skandinaviska Utflykter","url":"https:\/\/skandinaviskautflykter.com\/no\/","logo":{"@type":"ImageObject","inLanguage":"nb-NO","@id":"https:\/\/skandinaviskautflykter.com\/no\/#\/schema\/logo\/image\/","url":"https:\/\/skandinaviskautflykter.com\/wp-content\/uploads\/logo-big.png","contentUrl":"https:\/\/skandinaviskautflykter.com\/wp-content\/uploads\/logo-big.png","width":317,"height":141,"caption":"Skandinaviska Utflykter"},"image":{"@id":"https:\/\/skandinaviskautflykter.com\/no\/#\/schema\/logo\/image\/"}}]}},"_links":{"self":[{"href":"https:\/\/skandinaviskautflykter.com\/no\/wp-json\/wp\/v2\/pages\/2915","targetHints":{"allow":["GET"]}}],"collection":[{"href":"https:\/\/skandinaviskautflykter.com\/no\/wp-json\/wp\/v2\/pages"}],"about":[{"href":"https:\/\/skandinaviskautflykter.com\/no\/wp-json\/wp\/v2\/types\/page"}],"author":[{"embeddable":true,"href":"https:\/\/skandinaviskautflykter.com\/no\/wp-json\/wp\/v2\/users\/2"}],"replies":[{"embeddable":true,"href":"https:\/\/skandinaviskautflykter.com\/no\/wp-json\/wp\/v2\/comments?post=2915"}],"version-history":[{"count":6,"href":"https:\/\/skandinaviskautflykter.com\/no\/wp-json\/wp\/v2\/pages\/2915\/revisions"}],"predecessor-version":[{"id":3017,"href":"https:\/\/skandinaviskautflykter.com\/no\/wp-json\/wp\/v2\/pages\/2915\/revisions\/3017"}],"wp:attachment":[{"href":"https:\/\/skandinaviskautflykter.com\/no\/wp-json\/wp\/v2\/media?parent=2915"}],"curies":[{"name":"wp","href":"https:\/\/api.w.org\/{rel}","templated":true}]}}