{"id":2922,"date":"2025-09-04T14:53:30","date_gmt":"2025-09-04T14:53:30","guid":{"rendered":"https:\/\/skandinaviskautflykter.com\/tours\/tirsdag-fredag-vannkilden-firgas-lunsj-pa-kjent-kanarisk-restaurant\/"},"modified":"2026-01-09T19:22:16","modified_gmt":"2026-01-09T18:22:16","slug":"tirsdag-fredag-vannkilden-firgas-lunsj-pa-kjent-kanarisk-restaurant","status":"publish","type":"product","link":"https:\/\/skandinaviskautflykter.com\/no\/tours\/tirsdag-fredag-vannkilden-firgas-lunsj-pa-kjent-kanarisk-restaurant\/","title":{"rendered":"| Tirsdag &amp; fredag | VANNKILDEN FIRGAS &amp; LUNSJ P\u00c5 KJENT KANARISK RESTAURANT"},"content":{"rendered":"<p class=\"dia\" style=\"text-align: center;\">Tirsdag &amp; fredag<\/p>\n<h1 style=\"text-align: center;\">VANNKILDEN FIRGAS &amp; LUNSJ P\u00c5 KJENT KANARISK RESTAURANT<\/h1>\n<h2 align=\"CENTER\"><span style=\"color: #2196cf;\">EN TUR FOR DEG SOM VIL HA DET LILLE EKSTRA \u2013 MED B\u00c5DE SMAKSOPPLEVELSER OG VAKRE UTSIKTER.<\/span><\/h2>\n<p>Denne fantastiske turen er for deg som er ute etter <strong>det lille ekstra<\/strong>. Vi bes\u00f8ker \u00f8yas mest <strong>pittoreske steder<\/strong>. Dagen starter med at vi kj\u00f8rer nordover og stopper ved en av \u00f8yas mest kjente restauranter, som er <strong>sv\u00e6rt popul\u00e6r blant lokalbefolkningen<\/strong>.<\/p>\n<p style=\"text-align: center;\"><button id=\"read-more\" class=\"read-more-button\">Mer informasjon<\/button><\/p>\n<div id=\"more-content\" class=\"more-content\" style=\"display: none;\">\n<p>Her blir vi m\u00f8tt av <strong>dekket bord og god hjemmelaget mat<\/strong>. Restauranten er familiedrevet og har eksistert siden 1968. Vi blir godt ivaretatt og nyter <strong>velsmakende mat med rause porsjoner og drikke i et herlig kanarisk milj\u00f8<\/strong>, langt unna masseturismen. Restauranten er spesielt kjent for sine <strong>gode kj\u00f8ttboller i saus<\/strong>.<\/p>\n<p>Vi nyter lunsj med drikke i ro og mak f\u00f8r vi fortsetter til den <strong>koselige landsbyen Firgas<\/strong> og den ber\u00f8mte vannkilden. Her b\u00f8r kameraet v\u00e6re klart for \u00e5 <strong>fotografere landsbyens mest bes\u00f8kte gate<\/strong> \u2013 et kjent monument som er laget for \u00e5 hedre alle kommunene p\u00e5 Kanari\u00f8yene. Langs veien finner vi <strong>vakkert utformede keramiske tavler og fine kunstverk p\u00e5 veggene<\/strong> som symboliserer hver kommune.<\/p>\n<p>Firgas er en landsby man virkelig b\u00f8r bes\u00f8ke n\u00e5r man er p\u00e5 \u00f8ya. Etter fotostoppet fortsetter vi og avslutter dagen med et bes\u00f8k p\u00e5 en kanarisk g\u00e5rd med en <strong>koselig kaf\u00e9<\/strong>, hvor vi kan nyte <strong>en god kopp kaffe og hjemmebakt bakverk<\/strong> om man \u00f8nsker det.<\/p>\n<\/div>\n<h2 align=\"CENTER\"><span style=\"color: #2196cf;\">Meny:<\/span><\/h2>\n<h3 style=\"text-align: center;\"><strong>Forrett:<\/strong><\/h3>\n<p style=\"text-align: center;\">&#8211; Kanariske oster<br \/>\n&#8211; Husets salat<\/p>\n<h3 style=\"text-align: center;\"><strong>Hovedrett (velg mellom):<\/strong><\/h3>\n<p style=\"text-align: center;\">&#8211; Panert fisk<br \/>\n&#8211; Hjemmelagde kj\u00f8ttboller i saus<br \/>\n&#8211; Grillet kylling<\/p>\n<h3 style=\"text-align: center;\"><strong>Inkludert:<\/strong><\/h3>\n<p style=\"text-align: center;\">&#8211; Br\u00f8d<br \/>\n&#8211; Et glass valgfri drikke<\/p>\n<p style=\"text-align: center;\"><strong><span style=\"color: #ff0000;\">OBS! Oppgi \u00f8nsket hovedrett ved bestilling eller informer guiden om morgenen ved henting. <\/span> <\/strong><\/p>\n<p>&nbsp;<\/p>\n<table class=\"table table-bordered tours-tabs__table\" style=\"height: 233px;\" width=\"862\">\n<tbody>\n<tr>\n<td><strong data-start=\"71\" data-end=\"85\">Avreisestid<\/strong><\/td>\n<td>Se avreisestid under fanen &laquo;bussen henter&raquo; nedenfor<\/td>\n<\/tr>\n<tr>\n<td><strong>Ankomsttid ca.<\/strong><\/td>\n<td>\n<div class=\"qodef-value\">18:00h<\/div>\n<\/td>\n<\/tr>\n<tr>\n<td><strong>Anbefalt bekledning<\/strong><\/td>\n<td>Ha p\u00e5 deg komfortable kl\u00e6r og sko, ta alltid med en ekstra genser eller jakke da v\u00e6ret kan endre seg.<\/td>\n<\/tr>\n<tr>\n<td><strong>Hva er inkludert i utfluktsprisen?<\/strong><\/td>\n<td>\n<table class=\"table table-bordered\" style=\"height: 62px;\" width=\"300\">\n<tbody>\n<tr>\n<td><i class=\"fa fa-check icon-tick icon-tick--on\"><\/i>Komplett meny som beskrevet ovenfor, velg \u00f8nsket hovedrett<\/td>\n<td><i class=\"fa fa-check icon-tick icon-tick--on\"><\/i>Utflukt med skandinavisktalende guide<\/td>\n<\/tr>\n<tr>\n<td><i class=\"fa fa-check icon-tick icon-tick--on\"><\/i>Spansk tapas lunsj med vin<\/td>\n<td><\/td>\n<\/tr>\n<\/tbody>\n<\/table>\n<\/td>\n<\/tr>\n<tr>\n<td><strong>Passer for<\/strong><\/td>\n<td><i class=\"fa fa-check icon-tick icon-tick--on\"><\/i>Deg som er ute etter det lille ekstra og en hyggelig lunsj sammen i en restaurant med kanarisk \u00e5nd og atmosf\u00e6re. Vakre bilder loves under spaserturen i ber\u00f8mte Firgas.<\/td>\n<\/tr>\n<\/tbody>\n<\/table>\n<h2 align=\"CENTER\"><\/h2>\n<h2 align=\"CENTER\">KART OVER UTFLUKTENS RUTE<\/h2>\n<p style=\"text-align: center;\">Du kan klikke p\u00e5 bildet for \u00e5 zoome inn \ud83d\ude42<\/p>\n<p style=\"text-align: center;\"><img loading=\"lazy\" decoding=\"async\" class=\"alignnone wp-image-2696 size-full\" src=\"https:\/\/skandinaviskautflykter.com\/wp-content\/uploads\/Firgas_map.jpg\" alt=\"\" width=\"1920\" height=\"1080\" srcset=\"https:\/\/skandinaviskautflykter.com\/wp-content\/uploads\/Firgas_map.jpg 1920w, https:\/\/skandinaviskautflykter.com\/wp-content\/uploads\/Firgas_map-768x432.jpg 768w, https:\/\/skandinaviskautflykter.com\/wp-content\/uploads\/Firgas_map-1536x864.jpg 1536w, https:\/\/skandinaviskautflykter.com\/wp-content\/uploads\/Firgas_map-600x338.jpg 600w\" sizes=\"auto, (max-width: 1920px) 100vw, 1920px\" \/><\/p>\n","protected":false},"excerpt":{"rendered":"<p>Vi starter dagen med en reise nordover mot Firgas og et stopp p\u00e5 en av Gran Canarias mest verdsatte restauranter, elsket av lokalbefolkningen siden 1968.<\/p>\n","protected":false},"featured_media":2963,"comment_status":"closed","ping_status":"closed","template":"","meta":{"_glsr_average":0,"_glsr_ranking":0,"_glsr_reviews":0},"product_brand":[],"product_cat":[138,122],"product_tag":[140,139,141],"class_list":{"0":"post-2922","1":"product","2":"type-product","3":"status-publish","4":"has-post-thumbnail","6":"product_cat-utvalgt","7":"product_cat-uncategorized-no","8":"product_tag-firgas","9":"product_tag-gran-canaria","10":"product_tag-vecindario","11":"tour_category-sor","13":"first","14":"instock","15":"sale","16":"shipping-taxable","17":"purchasable","18":"product-type-tour"},"yoast_head":"<!-- This site is optimized with the Yoast SEO plugin v27.1 - https:\/\/yoast.com\/product\/yoast-seo-wordpress\/ -->\n<title>| Tirsdag &amp; fredag | VANNKILDEN FIRGAS &amp; LUNSJ P\u00c5 KJENT KANARISK RESTAURANT - Skandinaviska Utflykter<\/title>\n<meta name=\"robots\" content=\"index, follow, max-snippet:-1, max-image-preview:large, max-video-preview:-1\" \/>\n<link rel=\"canonical\" href=\"https:\/\/skandinaviskautflykter.com\/no\/tours\/tirsdag-fredag-vannkilden-firgas-lunsj-pa-kjent-kanarisk-restaurant\/\" \/>\n<meta property=\"og:locale\" content=\"nb_NO\" \/>\n<meta property=\"og:type\" content=\"article\" \/>\n<meta property=\"og:title\" content=\"| Tirsdag &amp; fredag | VANNKILDEN FIRGAS &amp; LUNSJ P\u00c5 KJENT KANARISK RESTAURANT - Skandinaviska Utflykter\" \/>\n<meta property=\"og:description\" content=\"Vi starter dagen med en reise nordover mot Firgas og et stopp p\u00e5 en av Gran Canarias mest verdsatte restauranter, elsket av lokalbefolkningen siden 1968.\" \/>\n<meta property=\"og:url\" content=\"https:\/\/skandinaviskautflykter.com\/no\/tours\/tirsdag-fredag-vannkilden-firgas-lunsj-pa-kjent-kanarisk-restaurant\/\" \/>\n<meta property=\"og:site_name\" content=\"Skandinaviska Utflykter\" \/>\n<meta property=\"article:modified_time\" content=\"2026-01-09T18:22:16+00:00\" \/>\n<meta property=\"og:image\" content=\"https:\/\/skandinaviskautflykter.com\/wp-content\/uploads\/Firgass.jpg\" \/>\n\t<meta property=\"og:image:width\" content=\"1600\" \/>\n\t<meta property=\"og:image:height\" content=\"900\" \/>\n\t<meta property=\"og:image:type\" content=\"image\/jpeg\" \/>\n<meta name=\"twitter:card\" content=\"summary_large_image\" \/>\n<script type=\"application\/ld+json\" class=\"yoast-schema-graph\">{\"@context\":\"https:\/\/schema.org\",\"@graph\":[{\"@type\":\"WebPage\",\"@id\":\"https:\/\/skandinaviskautflykter.com\/no\/tours\/tirsdag-fredag-vannkilden-firgas-lunsj-pa-kjent-kanarisk-restaurant\/\",\"url\":\"https:\/\/skandinaviskautflykter.com\/no\/tours\/tirsdag-fredag-vannkilden-firgas-lunsj-pa-kjent-kanarisk-restaurant\/\",\"name\":\"| Tirsdag &amp; fredag | VANNKILDEN FIRGAS &amp; LUNSJ P\u00c5 KJENT KANARISK RESTAURANT - Skandinaviska Utflykter\",\"isPartOf\":{\"@id\":\"https:\/\/skandinaviskautflykter.com\/no\/#website\"},\"primaryImageOfPage\":{\"@id\":\"https:\/\/skandinaviskautflykter.com\/no\/tours\/tirsdag-fredag-vannkilden-firgas-lunsj-pa-kjent-kanarisk-restaurant\/#primaryimage\"},\"image\":{\"@id\":\"https:\/\/skandinaviskautflykter.com\/no\/tours\/tirsdag-fredag-vannkilden-firgas-lunsj-pa-kjent-kanarisk-restaurant\/#primaryimage\"},\"thumbnailUrl\":\"https:\/\/skandinaviskautflykter.com\/wp-content\/uploads\/Firgass.jpg\",\"datePublished\":\"2025-09-04T14:53:30+00:00\",\"dateModified\":\"2026-01-09T18:22:16+00:00\",\"breadcrumb\":{\"@id\":\"https:\/\/skandinaviskautflykter.com\/no\/tours\/tirsdag-fredag-vannkilden-firgas-lunsj-pa-kjent-kanarisk-restaurant\/#breadcrumb\"},\"inLanguage\":\"nb-NO\",\"potentialAction\":[{\"@type\":\"ReadAction\",\"target\":[\"https:\/\/skandinaviskautflykter.com\/no\/tours\/tirsdag-fredag-vannkilden-firgas-lunsj-pa-kjent-kanarisk-restaurant\/\"]}]},{\"@type\":\"ImageObject\",\"inLanguage\":\"nb-NO\",\"@id\":\"https:\/\/skandinaviskautflykter.com\/no\/tours\/tirsdag-fredag-vannkilden-firgas-lunsj-pa-kjent-kanarisk-restaurant\/#primaryimage\",\"url\":\"https:\/\/skandinaviskautflykter.com\/wp-content\/uploads\/Firgass.jpg\",\"contentUrl\":\"https:\/\/skandinaviskautflykter.com\/wp-content\/uploads\/Firgass.jpg\",\"width\":1600,\"height\":900},{\"@type\":\"BreadcrumbList\",\"@id\":\"https:\/\/skandinaviskautflykter.com\/no\/tours\/tirsdag-fredag-vannkilden-firgas-lunsj-pa-kjent-kanarisk-restaurant\/#breadcrumb\",\"itemListElement\":[{\"@type\":\"ListItem\",\"position\":1,\"name\":\"Home\",\"item\":\"https:\/\/skandinaviskautflykter.com\/no\/\"},{\"@type\":\"ListItem\",\"position\":2,\"name\":\"Produkter\",\"item\":\"https:\/\/skandinaviskautflykter.com\/no\/shop\/\"},{\"@type\":\"ListItem\",\"position\":3,\"name\":\"| Tirsdag &amp; fredag | VANNKILDEN FIRGAS &amp; LUNSJ P\u00c5 KJENT KANARISK RESTAURANT\"}]},{\"@type\":\"WebSite\",\"@id\":\"https:\/\/skandinaviskautflykter.com\/no\/#website\",\"url\":\"https:\/\/skandinaviskautflykter.com\/no\/\",\"name\":\"Skandinaviska Utflykter\",\"description\":\"Discover the best of the Canary Islands with those who know them best\",\"publisher\":{\"@id\":\"https:\/\/skandinaviskautflykter.com\/no\/#organization\"},\"potentialAction\":[{\"@type\":\"SearchAction\",\"target\":{\"@type\":\"EntryPoint\",\"urlTemplate\":\"https:\/\/skandinaviskautflykter.com\/no\/?s={search_term_string}\"},\"query-input\":{\"@type\":\"PropertyValueSpecification\",\"valueRequired\":true,\"valueName\":\"search_term_string\"}}],\"inLanguage\":\"nb-NO\"},{\"@type\":\"Organization\",\"@id\":\"https:\/\/skandinaviskautflykter.com\/no\/#organization\",\"name\":\"Skandinaviska Utflykter\",\"url\":\"https:\/\/skandinaviskautflykter.com\/no\/\",\"logo\":{\"@type\":\"ImageObject\",\"inLanguage\":\"nb-NO\",\"@id\":\"https:\/\/skandinaviskautflykter.com\/no\/#\/schema\/logo\/image\/\",\"url\":\"https:\/\/skandinaviskautflykter.com\/wp-content\/uploads\/logo-big.png\",\"contentUrl\":\"https:\/\/skandinaviskautflykter.com\/wp-content\/uploads\/logo-big.png\",\"width\":317,\"height\":141,\"caption\":\"Skandinaviska Utflykter\"},\"image\":{\"@id\":\"https:\/\/skandinaviskautflykter.com\/no\/#\/schema\/logo\/image\/\"}}]}<\/script>\n<!-- \/ Yoast SEO plugin. -->","yoast_head_json":{"title":"| Tirsdag &amp; fredag | VANNKILDEN FIRGAS &amp; LUNSJ P\u00c5 KJENT KANARISK RESTAURANT - Skandinaviska Utflykter","robots":{"index":"index","follow":"follow","max-snippet":"max-snippet:-1","max-image-preview":"max-image-preview:large","max-video-preview":"max-video-preview:-1"},"canonical":"https:\/\/skandinaviskautflykter.com\/no\/tours\/tirsdag-fredag-vannkilden-firgas-lunsj-pa-kjent-kanarisk-restaurant\/","og_locale":"nb_NO","og_type":"article","og_title":"| Tirsdag &amp; fredag | VANNKILDEN FIRGAS &amp; LUNSJ P\u00c5 KJENT KANARISK RESTAURANT - Skandinaviska Utflykter","og_description":"Vi starter dagen med en reise nordover mot Firgas og et stopp p\u00e5 en av Gran Canarias mest verdsatte restauranter, elsket av lokalbefolkningen siden 1968.","og_url":"https:\/\/skandinaviskautflykter.com\/no\/tours\/tirsdag-fredag-vannkilden-firgas-lunsj-pa-kjent-kanarisk-restaurant\/","og_site_name":"Skandinaviska Utflykter","article_modified_time":"2026-01-09T18:22:16+00:00","og_image":[{"width":1600,"height":900,"url":"https:\/\/skandinaviskautflykter.com\/wp-content\/uploads\/Firgass.jpg","type":"image\/jpeg"}],"twitter_card":"summary_large_image","schema":{"@context":"https:\/\/schema.org","@graph":[{"@type":"WebPage","@id":"https:\/\/skandinaviskautflykter.com\/no\/tours\/tirsdag-fredag-vannkilden-firgas-lunsj-pa-kjent-kanarisk-restaurant\/","url":"https:\/\/skandinaviskautflykter.com\/no\/tours\/tirsdag-fredag-vannkilden-firgas-lunsj-pa-kjent-kanarisk-restaurant\/","name":"| Tirsdag &amp; fredag | VANNKILDEN FIRGAS &amp; LUNSJ P\u00c5 KJENT KANARISK RESTAURANT - Skandinaviska Utflykter","isPartOf":{"@id":"https:\/\/skandinaviskautflykter.com\/no\/#website"},"primaryImageOfPage":{"@id":"https:\/\/skandinaviskautflykter.com\/no\/tours\/tirsdag-fredag-vannkilden-firgas-lunsj-pa-kjent-kanarisk-restaurant\/#primaryimage"},"image":{"@id":"https:\/\/skandinaviskautflykter.com\/no\/tours\/tirsdag-fredag-vannkilden-firgas-lunsj-pa-kjent-kanarisk-restaurant\/#primaryimage"},"thumbnailUrl":"https:\/\/skandinaviskautflykter.com\/wp-content\/uploads\/Firgass.jpg","datePublished":"2025-09-04T14:53:30+00:00","dateModified":"2026-01-09T18:22:16+00:00","breadcrumb":{"@id":"https:\/\/skandinaviskautflykter.com\/no\/tours\/tirsdag-fredag-vannkilden-firgas-lunsj-pa-kjent-kanarisk-restaurant\/#breadcrumb"},"inLanguage":"nb-NO","potentialAction":[{"@type":"ReadAction","target":["https:\/\/skandinaviskautflykter.com\/no\/tours\/tirsdag-fredag-vannkilden-firgas-lunsj-pa-kjent-kanarisk-restaurant\/"]}]},{"@type":"ImageObject","inLanguage":"nb-NO","@id":"https:\/\/skandinaviskautflykter.com\/no\/tours\/tirsdag-fredag-vannkilden-firgas-lunsj-pa-kjent-kanarisk-restaurant\/#primaryimage","url":"https:\/\/skandinaviskautflykter.com\/wp-content\/uploads\/Firgass.jpg","contentUrl":"https:\/\/skandinaviskautflykter.com\/wp-content\/uploads\/Firgass.jpg","width":1600,"height":900},{"@type":"BreadcrumbList","@id":"https:\/\/skandinaviskautflykter.com\/no\/tours\/tirsdag-fredag-vannkilden-firgas-lunsj-pa-kjent-kanarisk-restaurant\/#breadcrumb","itemListElement":[{"@type":"ListItem","position":1,"name":"Home","item":"https:\/\/skandinaviskautflykter.com\/no\/"},{"@type":"ListItem","position":2,"name":"Produkter","item":"https:\/\/skandinaviskautflykter.com\/no\/shop\/"},{"@type":"ListItem","position":3,"name":"| Tirsdag &amp; fredag | VANNKILDEN FIRGAS &amp; LUNSJ P\u00c5 KJENT KANARISK RESTAURANT"}]},{"@type":"WebSite","@id":"https:\/\/skandinaviskautflykter.com\/no\/#website","url":"https:\/\/skandinaviskautflykter.com\/no\/","name":"Skandinaviska Utflykter","description":"Discover the best of the Canary Islands with those who know them best","publisher":{"@id":"https:\/\/skandinaviskautflykter.com\/no\/#organization"},"potentialAction":[{"@type":"SearchAction","target":{"@type":"EntryPoint","urlTemplate":"https:\/\/skandinaviskautflykter.com\/no\/?s={search_term_string}"},"query-input":{"@type":"PropertyValueSpecification","valueRequired":true,"valueName":"search_term_string"}}],"inLanguage":"nb-NO"},{"@type":"Organization","@id":"https:\/\/skandinaviskautflykter.com\/no\/#organization","name":"Skandinaviska Utflykter","url":"https:\/\/skandinaviskautflykter.com\/no\/","logo":{"@type":"ImageObject","inLanguage":"nb-NO","@id":"https:\/\/skandinaviskautflykter.com\/no\/#\/schema\/logo\/image\/","url":"https:\/\/skandinaviskautflykter.com\/wp-content\/uploads\/logo-big.png","contentUrl":"https:\/\/skandinaviskautflykter.com\/wp-content\/uploads\/logo-big.png","width":317,"height":141,"caption":"Skandinaviska Utflykter"},"image":{"@id":"https:\/\/skandinaviskautflykter.com\/no\/#\/schema\/logo\/image\/"}}]}},"_links":{"self":[{"href":"https:\/\/skandinaviskautflykter.com\/no\/wp-json\/wp\/v2\/product\/2922","targetHints":{"allow":["GET"]}}],"collection":[{"href":"https:\/\/skandinaviskautflykter.com\/no\/wp-json\/wp\/v2\/product"}],"about":[{"href":"https:\/\/skandinaviskautflykter.com\/no\/wp-json\/wp\/v2\/types\/product"}],"replies":[{"embeddable":true,"href":"https:\/\/skandinaviskautflykter.com\/no\/wp-json\/wp\/v2\/comments?post=2922"}],"wp:featuredmedia":[{"embeddable":true,"href":"https:\/\/skandinaviskautflykter.com\/no\/wp-json\/wp\/v2\/media\/2963"}],"wp:attachment":[{"href":"https:\/\/skandinaviskautflykter.com\/no\/wp-json\/wp\/v2\/media?parent=2922"}],"wp:term":[{"taxonomy":"product_brand","embeddable":true,"href":"https:\/\/skandinaviskautflykter.com\/no\/wp-json\/wp\/v2\/product_brand?post=2922"},{"taxonomy":"product_cat","embeddable":true,"href":"https:\/\/skandinaviskautflykter.com\/no\/wp-json\/wp\/v2\/product_cat?post=2922"},{"taxonomy":"product_tag","embeddable":true,"href":"https:\/\/skandinaviskautflykter.com\/no\/wp-json\/wp\/v2\/product_tag?post=2922"}],"curies":[{"name":"wp","href":"https:\/\/api.w.org\/{rel}","templated":true}]}}