{"id":2930,"date":"2025-09-04T15:30:24","date_gmt":"2025-09-04T15:30:24","guid":{"rendered":"https:\/\/skandinaviskautflykter.com\/tours\/tirsdag-fredag-grottfolket-paella-pa-den-kanariske-landsbygda\/"},"modified":"2025-11-25T12:32:41","modified_gmt":"2025-11-25T11:32:41","slug":"tirsdag-fredag-grottfolket-paella-pa-den-kanariske-landsbygda","status":"publish","type":"product","link":"https:\/\/skandinaviskautflykter.com\/no\/tours\/tirsdag-fredag-grottfolket-paella-pa-den-kanariske-landsbygda\/","title":{"rendered":"| Tirsdag &amp; fredag | GROTTFOLKET &amp; PAELLA P\u00c5 DEN KANARISKE LANDSBYGDA"},"content":{"rendered":"<p class=\"dia\" style=\"text-align: center;\">Tirsdag &amp; fredag<\/p>\n<h1 style=\"text-align: center;\">Grottfolket &amp; Paella p\u00e5 den Kanariske Landsbygda<\/h1>\n<h2 align=\"CENTER\"><span style=\"color: #2196cf;\">BLI MED P\u00c5 EN UFORGLEMMELIG DAG HVOR VI KOMBINERER KULTUR, HISTORIE OG KULINARISKE OPPLEVELSER.<\/span><\/h2>\n<p>Vi starter dagen med \u00e5 dra til den <strong>omtalte grottelandsbyen Guayadeque<\/strong>, et sted som byr p\u00e5 b\u00e5de dramatisk natur og fascinerende historie.<\/p>\n<p style=\"text-align: center;\"><button id=\"read-more\" class=\"read-more-button\">Mer informasjon<\/button><\/p>\n<div id=\"more-content\" class=\"more-content\" style=\"display: none;\">\n<p>Guayadeque-dalen, med sin frodige gr\u00f8nnske, er et av de mest <strong>betydningsfulle stedene<\/strong> for den <strong>opprinnelige guanche-kulturen<\/strong>. Her lever mennesker fortsatt i sm\u00e5 grotter som er hugget ut i fjellet. Nyt en rolig spasertur blant grottene i en veldig <strong>spesiell atmosf\u00e6re<\/strong>. Guayadeque-dalen er kjent for \u00e5 ha <strong>\u00f8yas reneste luft<\/strong> \u2013 perfekt for \u00e5 trekke et dypt, forfriskende \u00e5ndedrag f\u00f8r vi fortsetter reisen v\u00e5r. Neste stopp er en idyllisk g\u00e5rdskaf\u00e9 p\u00e5 <strong>den kanariske landsbygda<\/strong>, omgitt av oliventr\u00e6r. Her \u00f8nskes vi varmt velkommen og f\u00e5r nyte en <strong>autentisk spansk paella<\/strong>, tilberedt kun for oss av en <strong>ber\u00f8mt kokk<\/strong>. Guiden v\u00e5r forteller om hovedingrediensene som trengs for \u00e5 lage den <strong>perfekte paellaen<\/strong>. Vi <strong>nyter m\u00e5ltidet under \u00e5pen himmel<\/strong>, midt i den landlige roen. P\u00e5 g\u00e5rden er det ogs\u00e5 mulighet til \u00e5 kj\u00f8pe drikke og god hjemmebakt kake om \u00f8nskelig. <strong>Mette, forn\u00f8yde og fulle av inntrykk<\/strong> begir vi oss hjemover \u2013 med f\u00f8lelsen av den kanariske landsbygda og minnet om grottfolkets historie friskt i sinnet.<\/p>\n<p><strong>En utflukt for deg som s\u00f8ker det lille ekstra \u2013 og en ekte kulinarisk opplevelse i avslappende omgivelser.<\/strong><\/p>\n<\/div>\n<p>&nbsp;<\/p>\n<table class=\"table table-bordered tours-tabs__table\" style=\"height: 233px;\" width=\"862\">\n<tbody>\n<tr>\n<td><strong data-start=\"71\" data-end=\"85\">Avreisestid<\/strong><\/td>\n<td>Se avreisestid under fanen &laquo;bussen henter&raquo; nedenfor<\/td>\n<\/tr>\n<tr>\n<td><strong>Ankomsttid ca.<\/strong><\/td>\n<td>\n<div class=\"qodef-value\">17:00<\/div>\n<\/td>\n<\/tr>\n<tr>\n<td><strong>Anbefalt bekledning<\/strong><\/td>\n<td>Ha p\u00e5 deg komfortable kl\u00e6r og sko, ta alltid med en ekstra genser eller jakke da v\u00e6ret kan endre seg.<\/td>\n<\/tr>\n<tr>\n<td><strong>Hva er inkludert i utfluktsprisen?<\/strong><\/td>\n<td>\n<table class=\"table table-bordered\" style=\"height: 62px;\" width=\"300\">\n<tbody>\n<tr>\n<td><i class=\"fa fa-check icon-tick icon-tick--on\"><\/i>Hjemmelaget paella (Paellaen er gluten- og laktosefri)<\/td>\n<td><i class=\"fa fa-check icon-tick icon-tick--on\"><\/i>Utflukt med skandinavisktalende guide<\/td>\n<\/tr>\n<tr>\n<td><i class=\"fa fa-check icon-tick icon-tick--on\"><\/i>Spansk tapas lunsj med vin<\/td>\n<td><\/td>\n<\/tr>\n<\/tbody>\n<\/table>\n<\/td>\n<\/tr>\n<tr>\n<td><strong>Passer for<\/strong><\/td>\n<td><i class=\"fa fa-check icon-tick icon-tick--on\"><\/i>Deg som vil g\u00e5 tilbake i tiden og f\u00e5 oppleve \u00f8yas kjente grottelandsby og ta del i den kanariske kulturen. Du vil ogs\u00e5 nyte et godt m\u00e5ltid i koselig atmosf\u00e6re.<\/td>\n<\/tr>\n<\/tbody>\n<\/table>\n<h2 align=\"CENTER\"><\/h2>\n<h2 align=\"CENTER\">KART OVER UTFLUKTENS RUTE<\/h2>\n<p style=\"text-align: center;\">Du kan klikke p\u00e5 bildet for \u00e5 zoome inn \ud83d\ude42<\/p>\n<p style=\"text-align: center;\"><img loading=\"lazy\" decoding=\"async\" class=\"alignnone wp-image-2639 size-full\" src=\"https:\/\/skandinaviskautflykter.com\/wp-content\/uploads\/Paella-1.jpg\" alt=\"\" width=\"1920\" height=\"1080\" srcset=\"https:\/\/skandinaviskautflykter.com\/wp-content\/uploads\/Paella-1.jpg 1920w, https:\/\/skandinaviskautflykter.com\/wp-content\/uploads\/Paella-1-768x432.jpg 768w, https:\/\/skandinaviskautflykter.com\/wp-content\/uploads\/Paella-1-1536x864.jpg 1536w, https:\/\/skandinaviskautflykter.com\/wp-content\/uploads\/Paella-1-600x338.jpg 600w\" sizes=\"auto, (max-width: 1920px) 100vw, 1920px\" \/><\/p>\n","protected":false},"excerpt":{"rendered":"<p>Vi starter dagen med \u00e5 dra til den omtalte grottelandsbyen Guayadeque, et sted som byr p\u00e5 b\u00e5de dramatisk natur og fascinerende historie.<\/p>\n","protected":false},"featured_media":2931,"comment_status":"closed","ping_status":"closed","template":"","meta":{"_glsr_average":0,"_glsr_ranking":0,"_glsr_reviews":0},"product_brand":[],"product_cat":[122],"product_tag":[145,139,143,146,144],"class_list":{"0":"post-2930","1":"product","2":"type-product","3":"status-publish","4":"has-post-thumbnail","6":"product_cat-uncategorized-no","7":"product_tag-cruz-tejeda","8":"product_tag-gran-canaria","9":"product_tag-maspalomas","10":"product_tag-mirador-yeguas","11":"product_tag-roque-nublo","12":"tour_category-sor","14":"first","15":"instock","16":"sale","17":"featured","18":"shipping-taxable","19":"purchasable","20":"product-type-tour"},"yoast_head":"<!-- This site is optimized with the Yoast SEO plugin v27.1 - https:\/\/yoast.com\/product\/yoast-seo-wordpress\/ -->\n<title>| Tirsdag &amp; fredag | GROTTFOLKET &amp; PAELLA P\u00c5 DEN KANARISKE LANDSBYGDA - Skandinaviska Utflykter<\/title>\n<meta name=\"robots\" content=\"index, follow, max-snippet:-1, max-image-preview:large, max-video-preview:-1\" \/>\n<link rel=\"canonical\" href=\"https:\/\/skandinaviskautflykter.com\/no\/tours\/tirsdag-fredag-grottfolket-paella-pa-den-kanariske-landsbygda\/\" \/>\n<meta property=\"og:locale\" content=\"nb_NO\" \/>\n<meta property=\"og:type\" content=\"article\" \/>\n<meta property=\"og:title\" content=\"| Tirsdag &amp; fredag | GROTTFOLKET &amp; PAELLA P\u00c5 DEN KANARISKE LANDSBYGDA - Skandinaviska Utflykter\" \/>\n<meta property=\"og:description\" content=\"Vi starter dagen med \u00e5 dra til den omtalte grottelandsbyen Guayadeque, et sted som byr p\u00e5 b\u00e5de dramatisk natur og fascinerende historie.\" \/>\n<meta property=\"og:url\" content=\"https:\/\/skandinaviskautflykter.com\/no\/tours\/tirsdag-fredag-grottfolket-paella-pa-den-kanariske-landsbygda\/\" \/>\n<meta property=\"og:site_name\" content=\"Skandinaviska Utflykter\" \/>\n<meta property=\"article:modified_time\" content=\"2025-11-25T11:32:41+00:00\" \/>\n<meta property=\"og:image\" content=\"https:\/\/skandinaviskautflykter.com\/wp-content\/uploads\/Skandinaviska-utflykter-Gran-Canaria-Finca-Paella02-scaled.jpeg\" \/>\n\t<meta property=\"og:image:width\" content=\"2560\" \/>\n\t<meta property=\"og:image:height\" content=\"2200\" \/>\n\t<meta property=\"og:image:type\" content=\"image\/jpeg\" \/>\n<meta name=\"twitter:card\" content=\"summary_large_image\" \/>\n<script type=\"application\/ld+json\" class=\"yoast-schema-graph\">{\"@context\":\"https:\/\/schema.org\",\"@graph\":[{\"@type\":\"WebPage\",\"@id\":\"https:\/\/skandinaviskautflykter.com\/no\/tours\/tirsdag-fredag-grottfolket-paella-pa-den-kanariske-landsbygda\/\",\"url\":\"https:\/\/skandinaviskautflykter.com\/no\/tours\/tirsdag-fredag-grottfolket-paella-pa-den-kanariske-landsbygda\/\",\"name\":\"| Tirsdag &amp; fredag | GROTTFOLKET &amp; PAELLA P\u00c5 DEN KANARISKE LANDSBYGDA - Skandinaviska Utflykter\",\"isPartOf\":{\"@id\":\"https:\/\/skandinaviskautflykter.com\/no\/#website\"},\"primaryImageOfPage\":{\"@id\":\"https:\/\/skandinaviskautflykter.com\/no\/tours\/tirsdag-fredag-grottfolket-paella-pa-den-kanariske-landsbygda\/#primaryimage\"},\"image\":{\"@id\":\"https:\/\/skandinaviskautflykter.com\/no\/tours\/tirsdag-fredag-grottfolket-paella-pa-den-kanariske-landsbygda\/#primaryimage\"},\"thumbnailUrl\":\"https:\/\/skandinaviskautflykter.com\/wp-content\/uploads\/Skandinaviska-utflykter-Gran-Canaria-Finca-Paella02-scaled.jpeg\",\"datePublished\":\"2025-09-04T15:30:24+00:00\",\"dateModified\":\"2025-11-25T11:32:41+00:00\",\"breadcrumb\":{\"@id\":\"https:\/\/skandinaviskautflykter.com\/no\/tours\/tirsdag-fredag-grottfolket-paella-pa-den-kanariske-landsbygda\/#breadcrumb\"},\"inLanguage\":\"nb-NO\",\"potentialAction\":[{\"@type\":\"ReadAction\",\"target\":[\"https:\/\/skandinaviskautflykter.com\/no\/tours\/tirsdag-fredag-grottfolket-paella-pa-den-kanariske-landsbygda\/\"]}]},{\"@type\":\"ImageObject\",\"inLanguage\":\"nb-NO\",\"@id\":\"https:\/\/skandinaviskautflykter.com\/no\/tours\/tirsdag-fredag-grottfolket-paella-pa-den-kanariske-landsbygda\/#primaryimage\",\"url\":\"https:\/\/skandinaviskautflykter.com\/wp-content\/uploads\/Skandinaviska-utflykter-Gran-Canaria-Finca-Paella02-scaled.jpeg\",\"contentUrl\":\"https:\/\/skandinaviskautflykter.com\/wp-content\/uploads\/Skandinaviska-utflykter-Gran-Canaria-Finca-Paella02-scaled.jpeg\",\"width\":2560,\"height\":2200},{\"@type\":\"BreadcrumbList\",\"@id\":\"https:\/\/skandinaviskautflykter.com\/no\/tours\/tirsdag-fredag-grottfolket-paella-pa-den-kanariske-landsbygda\/#breadcrumb\",\"itemListElement\":[{\"@type\":\"ListItem\",\"position\":1,\"name\":\"Home\",\"item\":\"https:\/\/skandinaviskautflykter.com\/no\/\"},{\"@type\":\"ListItem\",\"position\":2,\"name\":\"Produkter\",\"item\":\"https:\/\/skandinaviskautflykter.com\/no\/shop\/\"},{\"@type\":\"ListItem\",\"position\":3,\"name\":\"| Tirsdag &amp; fredag | GROTTFOLKET &amp; PAELLA P\u00c5 DEN KANARISKE LANDSBYGDA\"}]},{\"@type\":\"WebSite\",\"@id\":\"https:\/\/skandinaviskautflykter.com\/no\/#website\",\"url\":\"https:\/\/skandinaviskautflykter.com\/no\/\",\"name\":\"Skandinaviska Utflykter\",\"description\":\"Discover the best of the Canary Islands with those who know them best\",\"publisher\":{\"@id\":\"https:\/\/skandinaviskautflykter.com\/no\/#organization\"},\"potentialAction\":[{\"@type\":\"SearchAction\",\"target\":{\"@type\":\"EntryPoint\",\"urlTemplate\":\"https:\/\/skandinaviskautflykter.com\/no\/?s={search_term_string}\"},\"query-input\":{\"@type\":\"PropertyValueSpecification\",\"valueRequired\":true,\"valueName\":\"search_term_string\"}}],\"inLanguage\":\"nb-NO\"},{\"@type\":\"Organization\",\"@id\":\"https:\/\/skandinaviskautflykter.com\/no\/#organization\",\"name\":\"Skandinaviska Utflykter\",\"url\":\"https:\/\/skandinaviskautflykter.com\/no\/\",\"logo\":{\"@type\":\"ImageObject\",\"inLanguage\":\"nb-NO\",\"@id\":\"https:\/\/skandinaviskautflykter.com\/no\/#\/schema\/logo\/image\/\",\"url\":\"https:\/\/skandinaviskautflykter.com\/wp-content\/uploads\/logo-big.png\",\"contentUrl\":\"https:\/\/skandinaviskautflykter.com\/wp-content\/uploads\/logo-big.png\",\"width\":317,\"height\":141,\"caption\":\"Skandinaviska Utflykter\"},\"image\":{\"@id\":\"https:\/\/skandinaviskautflykter.com\/no\/#\/schema\/logo\/image\/\"}}]}<\/script>\n<!-- \/ Yoast SEO plugin. -->","yoast_head_json":{"title":"| Tirsdag &amp; fredag | GROTTFOLKET &amp; PAELLA P\u00c5 DEN KANARISKE LANDSBYGDA - Skandinaviska Utflykter","robots":{"index":"index","follow":"follow","max-snippet":"max-snippet:-1","max-image-preview":"max-image-preview:large","max-video-preview":"max-video-preview:-1"},"canonical":"https:\/\/skandinaviskautflykter.com\/no\/tours\/tirsdag-fredag-grottfolket-paella-pa-den-kanariske-landsbygda\/","og_locale":"nb_NO","og_type":"article","og_title":"| Tirsdag &amp; fredag | GROTTFOLKET &amp; PAELLA P\u00c5 DEN KANARISKE LANDSBYGDA - Skandinaviska Utflykter","og_description":"Vi starter dagen med \u00e5 dra til den omtalte grottelandsbyen Guayadeque, et sted som byr p\u00e5 b\u00e5de dramatisk natur og fascinerende historie.","og_url":"https:\/\/skandinaviskautflykter.com\/no\/tours\/tirsdag-fredag-grottfolket-paella-pa-den-kanariske-landsbygda\/","og_site_name":"Skandinaviska Utflykter","article_modified_time":"2025-11-25T11:32:41+00:00","og_image":[{"width":2560,"height":2200,"url":"https:\/\/skandinaviskautflykter.com\/wp-content\/uploads\/Skandinaviska-utflykter-Gran-Canaria-Finca-Paella02-scaled.jpeg","type":"image\/jpeg"}],"twitter_card":"summary_large_image","schema":{"@context":"https:\/\/schema.org","@graph":[{"@type":"WebPage","@id":"https:\/\/skandinaviskautflykter.com\/no\/tours\/tirsdag-fredag-grottfolket-paella-pa-den-kanariske-landsbygda\/","url":"https:\/\/skandinaviskautflykter.com\/no\/tours\/tirsdag-fredag-grottfolket-paella-pa-den-kanariske-landsbygda\/","name":"| Tirsdag &amp; fredag | GROTTFOLKET &amp; PAELLA P\u00c5 DEN KANARISKE LANDSBYGDA - Skandinaviska Utflykter","isPartOf":{"@id":"https:\/\/skandinaviskautflykter.com\/no\/#website"},"primaryImageOfPage":{"@id":"https:\/\/skandinaviskautflykter.com\/no\/tours\/tirsdag-fredag-grottfolket-paella-pa-den-kanariske-landsbygda\/#primaryimage"},"image":{"@id":"https:\/\/skandinaviskautflykter.com\/no\/tours\/tirsdag-fredag-grottfolket-paella-pa-den-kanariske-landsbygda\/#primaryimage"},"thumbnailUrl":"https:\/\/skandinaviskautflykter.com\/wp-content\/uploads\/Skandinaviska-utflykter-Gran-Canaria-Finca-Paella02-scaled.jpeg","datePublished":"2025-09-04T15:30:24+00:00","dateModified":"2025-11-25T11:32:41+00:00","breadcrumb":{"@id":"https:\/\/skandinaviskautflykter.com\/no\/tours\/tirsdag-fredag-grottfolket-paella-pa-den-kanariske-landsbygda\/#breadcrumb"},"inLanguage":"nb-NO","potentialAction":[{"@type":"ReadAction","target":["https:\/\/skandinaviskautflykter.com\/no\/tours\/tirsdag-fredag-grottfolket-paella-pa-den-kanariske-landsbygda\/"]}]},{"@type":"ImageObject","inLanguage":"nb-NO","@id":"https:\/\/skandinaviskautflykter.com\/no\/tours\/tirsdag-fredag-grottfolket-paella-pa-den-kanariske-landsbygda\/#primaryimage","url":"https:\/\/skandinaviskautflykter.com\/wp-content\/uploads\/Skandinaviska-utflykter-Gran-Canaria-Finca-Paella02-scaled.jpeg","contentUrl":"https:\/\/skandinaviskautflykter.com\/wp-content\/uploads\/Skandinaviska-utflykter-Gran-Canaria-Finca-Paella02-scaled.jpeg","width":2560,"height":2200},{"@type":"BreadcrumbList","@id":"https:\/\/skandinaviskautflykter.com\/no\/tours\/tirsdag-fredag-grottfolket-paella-pa-den-kanariske-landsbygda\/#breadcrumb","itemListElement":[{"@type":"ListItem","position":1,"name":"Home","item":"https:\/\/skandinaviskautflykter.com\/no\/"},{"@type":"ListItem","position":2,"name":"Produkter","item":"https:\/\/skandinaviskautflykter.com\/no\/shop\/"},{"@type":"ListItem","position":3,"name":"| Tirsdag &amp; fredag | GROTTFOLKET &amp; PAELLA P\u00c5 DEN KANARISKE LANDSBYGDA"}]},{"@type":"WebSite","@id":"https:\/\/skandinaviskautflykter.com\/no\/#website","url":"https:\/\/skandinaviskautflykter.com\/no\/","name":"Skandinaviska Utflykter","description":"Discover the best of the Canary Islands with those who know them best","publisher":{"@id":"https:\/\/skandinaviskautflykter.com\/no\/#organization"},"potentialAction":[{"@type":"SearchAction","target":{"@type":"EntryPoint","urlTemplate":"https:\/\/skandinaviskautflykter.com\/no\/?s={search_term_string}"},"query-input":{"@type":"PropertyValueSpecification","valueRequired":true,"valueName":"search_term_string"}}],"inLanguage":"nb-NO"},{"@type":"Organization","@id":"https:\/\/skandinaviskautflykter.com\/no\/#organization","name":"Skandinaviska Utflykter","url":"https:\/\/skandinaviskautflykter.com\/no\/","logo":{"@type":"ImageObject","inLanguage":"nb-NO","@id":"https:\/\/skandinaviskautflykter.com\/no\/#\/schema\/logo\/image\/","url":"https:\/\/skandinaviskautflykter.com\/wp-content\/uploads\/logo-big.png","contentUrl":"https:\/\/skandinaviskautflykter.com\/wp-content\/uploads\/logo-big.png","width":317,"height":141,"caption":"Skandinaviska Utflykter"},"image":{"@id":"https:\/\/skandinaviskautflykter.com\/no\/#\/schema\/logo\/image\/"}}]}},"_links":{"self":[{"href":"https:\/\/skandinaviskautflykter.com\/no\/wp-json\/wp\/v2\/product\/2930","targetHints":{"allow":["GET"]}}],"collection":[{"href":"https:\/\/skandinaviskautflykter.com\/no\/wp-json\/wp\/v2\/product"}],"about":[{"href":"https:\/\/skandinaviskautflykter.com\/no\/wp-json\/wp\/v2\/types\/product"}],"replies":[{"embeddable":true,"href":"https:\/\/skandinaviskautflykter.com\/no\/wp-json\/wp\/v2\/comments?post=2930"}],"wp:featuredmedia":[{"embeddable":true,"href":"https:\/\/skandinaviskautflykter.com\/no\/wp-json\/wp\/v2\/media\/2931"}],"wp:attachment":[{"href":"https:\/\/skandinaviskautflykter.com\/no\/wp-json\/wp\/v2\/media?parent=2930"}],"wp:term":[{"taxonomy":"product_brand","embeddable":true,"href":"https:\/\/skandinaviskautflykter.com\/no\/wp-json\/wp\/v2\/product_brand?post=2930"},{"taxonomy":"product_cat","embeddable":true,"href":"https:\/\/skandinaviskautflykter.com\/no\/wp-json\/wp\/v2\/product_cat?post=2930"},{"taxonomy":"product_tag","embeddable":true,"href":"https:\/\/skandinaviskautflykter.com\/no\/wp-json\/wp\/v2\/product_tag?post=2930"}],"curies":[{"name":"wp","href":"https:\/\/api.w.org\/{rel}","templated":true}]}}