{"id":2936,"date":"2025-09-04T15:54:24","date_gmt":"2025-09-04T15:54:24","guid":{"rendered":"https:\/\/skandinaviskautflykter.com\/tours\/onsdag-lordag-fantastiske-gran-canaria-roque-nublo\/"},"modified":"2025-11-25T12:32:30","modified_gmt":"2025-11-25T11:32:30","slug":"onsdag-lordag-fantastiske-gran-canaria-roque-nublo","status":"publish","type":"product","link":"https:\/\/skandinaviskautflykter.com\/no\/tours\/onsdag-lordag-fantastiske-gran-canaria-roque-nublo\/","title":{"rendered":"| Onsdag &amp; l\u00f8rdag | FANTASTISKE GRAN CANARIA &amp; ROQUE NUBLO"},"content":{"rendered":"<p class=\"dia\" style=\"text-align: center;\">Onsdag &amp; l\u00f8rdag<\/p>\n<h1 style=\"text-align: center;\">FANTASTISKE GRAN CANARIA &amp; ROQUE NUBLO<\/h1>\n<h2 align=\"CENTER\"><span style=\"color: #2196cf;\">VI TILBYR SMAKSPR\u00d8VE AV HONNINGROM FRA \u00d8YA<\/span><\/h2>\n<h5 style=\"text-align: center;\"><span style=\"color: #008000;\">Denne dagen tar vi deg bort fra turiststr\u00f8kene p\u00e5 s\u00f8rsiden og inn i hjertet av Gran Canarias mest spektakul\u00e6re landskap.<\/span><\/h5>\n<p>Vi starter dagen p\u00e5 en <strong>fantastisk g\u00e5rd midt i det kanariske landskapet<\/strong>, <strong>omgitt av olivenlunder<\/strong> og vakker natur i et <strong>frodig milj\u00f8<\/strong>.<\/p>\n<p style=\"text-align: center;\"><button id=\"read-more\" class=\"read-more-button\">Mer informasjon<\/button><\/p>\n<div id=\"more-content\" class=\"more-content\" style=\"display: none;\">Her kan du kj\u00f8pe noe forfriskende \u00e5 drikke eller en god fika med en kopp kaffe og fylle p\u00e5 med energi f\u00f8r dagen p\u00e5 g\u00e5rdens <strong>koselige kaf\u00e9<\/strong>.<br \/>\nVi blir tilbudt en <strong>smakspr\u00f8ve av den typiske, s\u00f8te kanariske rommen<\/strong>.<br \/>\nTuren fortsetter opp via vakre Santa Br\u00edgida og den koselige fjelllandsbyen San Mateo, til <strong>Cruz de Tejeda<\/strong> som ligger 1 560 meter over havet.<br \/>\nHer nyter vi den <strong>friske luften og stillheten<\/strong>, og rusler rundt blant de sm\u00e5 handelsbodene som er fylt med lokale delikatesser, h\u00e5ndverk og kl\u00e6r.<br \/>\nVi kj\u00f8rer videre gjennom fjellene og f\u00e5r nyte en <strong>fantastisk utsikt over Roque Nublo som majestetisk ligger p\u00e5 1813 m.o.h. og er \u00f8yas mest ikoniske landemerke<\/strong>. Utsikten er makel\u00f8s og hvis vi er heldige med klart v\u00e6r, kan vi til og med se ut over til Tenerife og Spanias h\u00f8yeste topp, Teide.<br \/>\nTuren g\u00e5r videre gjennom <strong>mektige fjell<\/strong> til en koselig restaurant hvor det er mulighet for \u00e5 spise noe hvis man \u00f8nsker.<br \/>\nDeretter fortsetter vi turen og snor oss ned gjennom den <strong>ber\u00f8mte landsbyen Fataga<\/strong> og den fruktbare &laquo;tusen palmers dal&raquo; hvor palmene trives.<br \/>\nVi avslutter dagen ved et <strong>utsiktspunkt med en fantastisk utsikt over Maspalomas sanddyner<\/strong> \u2013 Gran Canarias egen gullkyst \u2013 f\u00f8r vi vender hjem.<strong>En komplett tur som gir deg muligheten til \u00e5 oppleve det genuine Gran Canaria og \u00f8yas mange klimasoner og landskapssoner i et fantastisk landskap.<\/strong><\/div>\n<p>&nbsp;<\/p>\n<table class=\"table table-bordered tours-tabs__table\" style=\"height: 233px;\" width=\"862\">\n<tbody>\n<tr>\n<td><strong data-start=\"71\" data-end=\"85\">Avreisestid<\/strong><\/td>\n<td>Se avreisestid under fanen &laquo;bussen henter&raquo; nedenfor<\/td>\n<\/tr>\n<tr>\n<td><strong>Ankomsttid ca.<\/strong><\/td>\n<td>\n<div class=\"qodef-value\">18:30<\/div>\n<\/td>\n<\/tr>\n<tr>\n<td><strong>Anbefalt bekledning<\/strong><\/td>\n<td>Ha p\u00e5 deg komfortable kl\u00e6r og sko, ta alltid med en ekstra genser eller jakke da v\u00e6ret kan endre seg.<\/td>\n<\/tr>\n<tr>\n<td><strong>Hva er inkludert i utfluktsprisen?<\/strong><\/td>\n<td>\n<table class=\"table table-bordered\" style=\"height: 62px;\" width=\"300\">\n<tbody>\n<tr>\n<td><i class=\"fa fa-check icon-tick icon-tick--on\"><\/i>Vi tilbyr smakspr\u00f8ve av \u00f8yas ber\u00f8mte honningrom<\/td>\n<td><i class=\"fa fa-check icon-tick icon-tick--on\"><\/i>Utflukt med skandinavisktalende guide<\/td>\n<\/tr>\n<tr>\n<td><i class=\"fa fa-check icon-tick icon-tick--on\"><\/i>Spansk tapas lunsj med vin<\/td>\n<td><\/td>\n<\/tr>\n<\/tbody>\n<\/table>\n<\/td>\n<\/tr>\n<tr>\n<td><strong>Passer for<\/strong><\/td>\n<td><i class=\"fa fa-check icon-tick icon-tick--on\"><\/i>Deg som vil se s\u00e5 mye som mulig av \u00f8yas midtpunkt og f\u00e5 oppleve Gran Canarias kjennetegn og fine utsikter.<\/td>\n<\/tr>\n<\/tbody>\n<\/table>\n<h2 align=\"CENTER\"><\/h2>\n<h2 align=\"CENTER\">KART OVER UTFLUKTENS RUTE<\/h2>\n<p style=\"text-align: center;\">Du kan klikke p\u00e5 bildet for \u00e5 zoome inn \ud83d\ude42<\/p>\n<p style=\"text-align: center;\"><img loading=\"lazy\" decoding=\"async\" class=\"alignnone wp-image-2699 size-full\" src=\"https:\/\/skandinaviskautflykter.com\/wp-content\/uploads\/Roque-Nublo_map.jpg\" alt=\"\" width=\"1920\" height=\"1080\" srcset=\"https:\/\/skandinaviskautflykter.com\/wp-content\/uploads\/Roque-Nublo_map.jpg 1920w, https:\/\/skandinaviskautflykter.com\/wp-content\/uploads\/Roque-Nublo_map-768x432.jpg 768w, https:\/\/skandinaviskautflykter.com\/wp-content\/uploads\/Roque-Nublo_map-1536x864.jpg 1536w, https:\/\/skandinaviskautflykter.com\/wp-content\/uploads\/Roque-Nublo_map-600x338.jpg 600w\" sizes=\"auto, (max-width: 1920px) 100vw, 1920px\" \/><\/p>\n","protected":false},"excerpt":{"rendered":"<p>Vi starter dagen p\u00e5 en <strong>fantastisk g\u00e5rd midt i det kanariske landskapet<\/strong>, <strong>omgitt av olivenlunder<\/strong> og vakker natur i et <strong>frodig milj\u00f8<\/strong>.<\/p>\n","protected":false},"featured_media":2921,"comment_status":"closed","ping_status":"closed","template":"","meta":{"_glsr_average":0,"_glsr_ranking":0,"_glsr_reviews":0},"product_brand":[],"product_cat":[122],"product_tag":[145,139,143,146,144],"class_list":{"0":"post-2936","1":"product","2":"type-product","3":"status-publish","4":"has-post-thumbnail","6":"product_cat-uncategorized-no","7":"product_tag-cruz-tejeda","8":"product_tag-gran-canaria","9":"product_tag-maspalomas","10":"product_tag-mirador-yeguas","11":"product_tag-roque-nublo","12":"tour_category-sor","14":"first","15":"instock","16":"sale","17":"shipping-taxable","18":"purchasable","19":"product-type-tour"},"yoast_head":"<!-- This site is optimized with the Yoast SEO plugin v27.1 - https:\/\/yoast.com\/product\/yoast-seo-wordpress\/ -->\n<title>| Onsdag &amp; l\u00f8rdag | FANTASTISKE GRAN CANARIA &amp; ROQUE NUBLO - Skandinaviska Utflykter<\/title>\n<meta name=\"robots\" content=\"index, follow, max-snippet:-1, max-image-preview:large, max-video-preview:-1\" \/>\n<link rel=\"canonical\" href=\"https:\/\/skandinaviskautflykter.com\/no\/tours\/onsdag-lordag-fantastiske-gran-canaria-roque-nublo\/\" \/>\n<meta property=\"og:locale\" content=\"nb_NO\" \/>\n<meta property=\"og:type\" content=\"article\" \/>\n<meta property=\"og:title\" content=\"| Onsdag &amp; l\u00f8rdag | FANTASTISKE GRAN CANARIA &amp; ROQUE NUBLO - Skandinaviska Utflykter\" \/>\n<meta property=\"og:description\" content=\"Vi starter dagen p\u00e5 en fantastisk g\u00e5rd midt i det kanariske landskapet, omgitt av olivenlunder og vakker natur i et frodig milj\u00f8.\" \/>\n<meta property=\"og:url\" content=\"https:\/\/skandinaviskautflykter.com\/no\/tours\/onsdag-lordag-fantastiske-gran-canaria-roque-nublo\/\" \/>\n<meta property=\"og:site_name\" content=\"Skandinaviska Utflykter\" \/>\n<meta property=\"article:modified_time\" content=\"2025-11-25T11:32:30+00:00\" \/>\n<meta property=\"og:image\" content=\"https:\/\/skandinaviskautflykter.com\/wp-content\/uploads\/discovery-tour-big-tour-gran-canaria-roque-nublo.jpg\" \/>\n\t<meta property=\"og:image:width\" content=\"1920\" \/>\n\t<meta property=\"og:image:height\" content=\"1111\" \/>\n\t<meta property=\"og:image:type\" content=\"image\/jpeg\" \/>\n<meta name=\"twitter:card\" content=\"summary_large_image\" \/>\n<script type=\"application\/ld+json\" class=\"yoast-schema-graph\">{\"@context\":\"https:\/\/schema.org\",\"@graph\":[{\"@type\":\"WebPage\",\"@id\":\"https:\/\/skandinaviskautflykter.com\/no\/tours\/onsdag-lordag-fantastiske-gran-canaria-roque-nublo\/\",\"url\":\"https:\/\/skandinaviskautflykter.com\/no\/tours\/onsdag-lordag-fantastiske-gran-canaria-roque-nublo\/\",\"name\":\"| Onsdag &amp; l\u00f8rdag | FANTASTISKE GRAN CANARIA &amp; ROQUE NUBLO - Skandinaviska Utflykter\",\"isPartOf\":{\"@id\":\"https:\/\/skandinaviskautflykter.com\/no\/#website\"},\"primaryImageOfPage\":{\"@id\":\"https:\/\/skandinaviskautflykter.com\/no\/tours\/onsdag-lordag-fantastiske-gran-canaria-roque-nublo\/#primaryimage\"},\"image\":{\"@id\":\"https:\/\/skandinaviskautflykter.com\/no\/tours\/onsdag-lordag-fantastiske-gran-canaria-roque-nublo\/#primaryimage\"},\"thumbnailUrl\":\"https:\/\/skandinaviskautflykter.com\/wp-content\/uploads\/discovery-tour-big-tour-gran-canaria-roque-nublo.jpg\",\"datePublished\":\"2025-09-04T15:54:24+00:00\",\"dateModified\":\"2025-11-25T11:32:30+00:00\",\"breadcrumb\":{\"@id\":\"https:\/\/skandinaviskautflykter.com\/no\/tours\/onsdag-lordag-fantastiske-gran-canaria-roque-nublo\/#breadcrumb\"},\"inLanguage\":\"nb-NO\",\"potentialAction\":[{\"@type\":\"ReadAction\",\"target\":[\"https:\/\/skandinaviskautflykter.com\/no\/tours\/onsdag-lordag-fantastiske-gran-canaria-roque-nublo\/\"]}]},{\"@type\":\"ImageObject\",\"inLanguage\":\"nb-NO\",\"@id\":\"https:\/\/skandinaviskautflykter.com\/no\/tours\/onsdag-lordag-fantastiske-gran-canaria-roque-nublo\/#primaryimage\",\"url\":\"https:\/\/skandinaviskautflykter.com\/wp-content\/uploads\/discovery-tour-big-tour-gran-canaria-roque-nublo.jpg\",\"contentUrl\":\"https:\/\/skandinaviskautflykter.com\/wp-content\/uploads\/discovery-tour-big-tour-gran-canaria-roque-nublo.jpg\",\"width\":1920,\"height\":1111},{\"@type\":\"BreadcrumbList\",\"@id\":\"https:\/\/skandinaviskautflykter.com\/no\/tours\/onsdag-lordag-fantastiske-gran-canaria-roque-nublo\/#breadcrumb\",\"itemListElement\":[{\"@type\":\"ListItem\",\"position\":1,\"name\":\"Home\",\"item\":\"https:\/\/skandinaviskautflykter.com\/no\/\"},{\"@type\":\"ListItem\",\"position\":2,\"name\":\"Produkter\",\"item\":\"https:\/\/skandinaviskautflykter.com\/no\/shop\/\"},{\"@type\":\"ListItem\",\"position\":3,\"name\":\"| Onsdag &amp; l\u00f8rdag | FANTASTISKE GRAN CANARIA &amp; ROQUE NUBLO\"}]},{\"@type\":\"WebSite\",\"@id\":\"https:\/\/skandinaviskautflykter.com\/no\/#website\",\"url\":\"https:\/\/skandinaviskautflykter.com\/no\/\",\"name\":\"Skandinaviska Utflykter\",\"description\":\"Discover the best of the Canary Islands with those who know them best\",\"publisher\":{\"@id\":\"https:\/\/skandinaviskautflykter.com\/no\/#organization\"},\"potentialAction\":[{\"@type\":\"SearchAction\",\"target\":{\"@type\":\"EntryPoint\",\"urlTemplate\":\"https:\/\/skandinaviskautflykter.com\/no\/?s={search_term_string}\"},\"query-input\":{\"@type\":\"PropertyValueSpecification\",\"valueRequired\":true,\"valueName\":\"search_term_string\"}}],\"inLanguage\":\"nb-NO\"},{\"@type\":\"Organization\",\"@id\":\"https:\/\/skandinaviskautflykter.com\/no\/#organization\",\"name\":\"Skandinaviska Utflykter\",\"url\":\"https:\/\/skandinaviskautflykter.com\/no\/\",\"logo\":{\"@type\":\"ImageObject\",\"inLanguage\":\"nb-NO\",\"@id\":\"https:\/\/skandinaviskautflykter.com\/no\/#\/schema\/logo\/image\/\",\"url\":\"https:\/\/skandinaviskautflykter.com\/wp-content\/uploads\/logo-big.png\",\"contentUrl\":\"https:\/\/skandinaviskautflykter.com\/wp-content\/uploads\/logo-big.png\",\"width\":317,\"height\":141,\"caption\":\"Skandinaviska Utflykter\"},\"image\":{\"@id\":\"https:\/\/skandinaviskautflykter.com\/no\/#\/schema\/logo\/image\/\"}}]}<\/script>\n<!-- \/ Yoast SEO plugin. -->","yoast_head_json":{"title":"| Onsdag &amp; l\u00f8rdag | FANTASTISKE GRAN CANARIA &amp; ROQUE NUBLO - Skandinaviska Utflykter","robots":{"index":"index","follow":"follow","max-snippet":"max-snippet:-1","max-image-preview":"max-image-preview:large","max-video-preview":"max-video-preview:-1"},"canonical":"https:\/\/skandinaviskautflykter.com\/no\/tours\/onsdag-lordag-fantastiske-gran-canaria-roque-nublo\/","og_locale":"nb_NO","og_type":"article","og_title":"| Onsdag &amp; l\u00f8rdag | FANTASTISKE GRAN CANARIA &amp; ROQUE NUBLO - Skandinaviska Utflykter","og_description":"Vi starter dagen p\u00e5 en fantastisk g\u00e5rd midt i det kanariske landskapet, omgitt av olivenlunder og vakker natur i et frodig milj\u00f8.","og_url":"https:\/\/skandinaviskautflykter.com\/no\/tours\/onsdag-lordag-fantastiske-gran-canaria-roque-nublo\/","og_site_name":"Skandinaviska Utflykter","article_modified_time":"2025-11-25T11:32:30+00:00","og_image":[{"width":1920,"height":1111,"url":"https:\/\/skandinaviskautflykter.com\/wp-content\/uploads\/discovery-tour-big-tour-gran-canaria-roque-nublo.jpg","type":"image\/jpeg"}],"twitter_card":"summary_large_image","schema":{"@context":"https:\/\/schema.org","@graph":[{"@type":"WebPage","@id":"https:\/\/skandinaviskautflykter.com\/no\/tours\/onsdag-lordag-fantastiske-gran-canaria-roque-nublo\/","url":"https:\/\/skandinaviskautflykter.com\/no\/tours\/onsdag-lordag-fantastiske-gran-canaria-roque-nublo\/","name":"| Onsdag &amp; l\u00f8rdag | FANTASTISKE GRAN CANARIA &amp; ROQUE NUBLO - Skandinaviska Utflykter","isPartOf":{"@id":"https:\/\/skandinaviskautflykter.com\/no\/#website"},"primaryImageOfPage":{"@id":"https:\/\/skandinaviskautflykter.com\/no\/tours\/onsdag-lordag-fantastiske-gran-canaria-roque-nublo\/#primaryimage"},"image":{"@id":"https:\/\/skandinaviskautflykter.com\/no\/tours\/onsdag-lordag-fantastiske-gran-canaria-roque-nublo\/#primaryimage"},"thumbnailUrl":"https:\/\/skandinaviskautflykter.com\/wp-content\/uploads\/discovery-tour-big-tour-gran-canaria-roque-nublo.jpg","datePublished":"2025-09-04T15:54:24+00:00","dateModified":"2025-11-25T11:32:30+00:00","breadcrumb":{"@id":"https:\/\/skandinaviskautflykter.com\/no\/tours\/onsdag-lordag-fantastiske-gran-canaria-roque-nublo\/#breadcrumb"},"inLanguage":"nb-NO","potentialAction":[{"@type":"ReadAction","target":["https:\/\/skandinaviskautflykter.com\/no\/tours\/onsdag-lordag-fantastiske-gran-canaria-roque-nublo\/"]}]},{"@type":"ImageObject","inLanguage":"nb-NO","@id":"https:\/\/skandinaviskautflykter.com\/no\/tours\/onsdag-lordag-fantastiske-gran-canaria-roque-nublo\/#primaryimage","url":"https:\/\/skandinaviskautflykter.com\/wp-content\/uploads\/discovery-tour-big-tour-gran-canaria-roque-nublo.jpg","contentUrl":"https:\/\/skandinaviskautflykter.com\/wp-content\/uploads\/discovery-tour-big-tour-gran-canaria-roque-nublo.jpg","width":1920,"height":1111},{"@type":"BreadcrumbList","@id":"https:\/\/skandinaviskautflykter.com\/no\/tours\/onsdag-lordag-fantastiske-gran-canaria-roque-nublo\/#breadcrumb","itemListElement":[{"@type":"ListItem","position":1,"name":"Home","item":"https:\/\/skandinaviskautflykter.com\/no\/"},{"@type":"ListItem","position":2,"name":"Produkter","item":"https:\/\/skandinaviskautflykter.com\/no\/shop\/"},{"@type":"ListItem","position":3,"name":"| Onsdag &amp; l\u00f8rdag | FANTASTISKE GRAN CANARIA &amp; ROQUE NUBLO"}]},{"@type":"WebSite","@id":"https:\/\/skandinaviskautflykter.com\/no\/#website","url":"https:\/\/skandinaviskautflykter.com\/no\/","name":"Skandinaviska Utflykter","description":"Discover the best of the Canary Islands with those who know them best","publisher":{"@id":"https:\/\/skandinaviskautflykter.com\/no\/#organization"},"potentialAction":[{"@type":"SearchAction","target":{"@type":"EntryPoint","urlTemplate":"https:\/\/skandinaviskautflykter.com\/no\/?s={search_term_string}"},"query-input":{"@type":"PropertyValueSpecification","valueRequired":true,"valueName":"search_term_string"}}],"inLanguage":"nb-NO"},{"@type":"Organization","@id":"https:\/\/skandinaviskautflykter.com\/no\/#organization","name":"Skandinaviska Utflykter","url":"https:\/\/skandinaviskautflykter.com\/no\/","logo":{"@type":"ImageObject","inLanguage":"nb-NO","@id":"https:\/\/skandinaviskautflykter.com\/no\/#\/schema\/logo\/image\/","url":"https:\/\/skandinaviskautflykter.com\/wp-content\/uploads\/logo-big.png","contentUrl":"https:\/\/skandinaviskautflykter.com\/wp-content\/uploads\/logo-big.png","width":317,"height":141,"caption":"Skandinaviska Utflykter"},"image":{"@id":"https:\/\/skandinaviskautflykter.com\/no\/#\/schema\/logo\/image\/"}}]}},"_links":{"self":[{"href":"https:\/\/skandinaviskautflykter.com\/no\/wp-json\/wp\/v2\/product\/2936","targetHints":{"allow":["GET"]}}],"collection":[{"href":"https:\/\/skandinaviskautflykter.com\/no\/wp-json\/wp\/v2\/product"}],"about":[{"href":"https:\/\/skandinaviskautflykter.com\/no\/wp-json\/wp\/v2\/types\/product"}],"replies":[{"embeddable":true,"href":"https:\/\/skandinaviskautflykter.com\/no\/wp-json\/wp\/v2\/comments?post=2936"}],"wp:featuredmedia":[{"embeddable":true,"href":"https:\/\/skandinaviskautflykter.com\/no\/wp-json\/wp\/v2\/media\/2921"}],"wp:attachment":[{"href":"https:\/\/skandinaviskautflykter.com\/no\/wp-json\/wp\/v2\/media?parent=2936"}],"wp:term":[{"taxonomy":"product_brand","embeddable":true,"href":"https:\/\/skandinaviskautflykter.com\/no\/wp-json\/wp\/v2\/product_brand?post=2936"},{"taxonomy":"product_cat","embeddable":true,"href":"https:\/\/skandinaviskautflykter.com\/no\/wp-json\/wp\/v2\/product_cat?post=2936"},{"taxonomy":"product_tag","embeddable":true,"href":"https:\/\/skandinaviskautflykter.com\/no\/wp-json\/wp\/v2\/product_tag?post=2936"}],"curies":[{"name":"wp","href":"https:\/\/api.w.org\/{rel}","templated":true}]}}