{"id":2941,"date":"2025-09-04T18:00:21","date_gmt":"2025-09-04T18:00:21","guid":{"rendered":"https:\/\/skandinaviskautflykter.com\/tours\/torsdag-ekte-gran-canaria-med-besok-pa-prisbelont-olivengard\/"},"modified":"2026-01-09T19:40:08","modified_gmt":"2026-01-09T18:40:08","slug":"torsdag-ekte-gran-canaria-med-besok-pa-prisbelont-olivengard","status":"publish","type":"product","link":"https:\/\/skandinaviskautflykter.com\/no\/tours\/torsdag-ekte-gran-canaria-med-besok-pa-prisbelont-olivengard\/","title":{"rendered":"| Torsdag | EKTE GRAN CANARIA MED BES\u00d8K P\u00c5 PRISBEL\u00d8NT OLIVENG\u00c5RD"},"content":{"rendered":"<p class=\"dia\" style=\"text-align: center;\">Torsdag<\/p>\n<h1 style=\"text-align: center;\">EKTE GRAN CANARIA MED BES\u00d8K P\u00c5 PRISBEL\u00d8NT OLIVENG\u00c5RD<\/h1>\n<h2 style=\"text-align: center;\"><span style=\"color: #ff0000;\">SESONGNYHET!<\/span><\/h2>\n<h2 align=\"CENTER\"><span style=\"color: #2196cf;\">VI BYR P\u00c5 SMAKSPR\u00d8VER AV G\u00c5RDENS \u00d8KOLOGISKE EXTRA VIRGIN OLIVENOLJE, LOKAL HONNING, OG DERE F\u00c5R MED EN HJEMMELAGET MOJO-SAUS PER PAR SOM GAVE<\/span><\/h2>\n<p>Bli med ut p\u00e5 den kanariske landsbygda til den <strong>prisbel\u00f8nte olivenlunden Los Olivos i Telde<\/strong>. Her f\u00e5r du m\u00f8te <strong>g\u00e5rdens dyr<\/strong>, se <strong>unike planter<\/strong> og oppleve en typisk kanarisk g\u00e5rd.<\/p>\n<p style=\"text-align: center;\"><button id=\"read-more\" class=\"read-more-button\">Mer informasjon<\/button><\/p>\n<div id=\"more-content\" class=\"more-content\" style=\"display: none;\">\n<p>Vi rusler videre gjennom de <strong>fro\u00addige olivenlundene<\/strong> og f\u00f8lger oljens reise \u2013 fra h\u00e5ndplukkede oliven til ferdig <strong>gyllen olivenolje<\/strong>. Med sine <strong>108 oliventr\u00e6r<\/strong> og 100 % \u00f8kologiske olivenolje av h\u00f8yeste kvalitet, som har vunnet en rekke priser over hele landet, er dette en helt spesiell opplevelse.<\/p>\n<p>Det f\u00f8les som \u00e5 tre inn i en <strong>fargerik verden<\/strong> med vakre omgivelser. Etter bes\u00f8ket f\u00e5r vi <strong>smakspr\u00f8ver av \u00f8kologiske oliven, br\u00f8d og olivenolje<\/strong>, f\u00f8r vi g\u00e5r videre til g\u00e5rdens <strong>koselige kaf\u00e9<\/strong>, hvor man kan nyte et glass vin, et lett m\u00e5ltid eller en kopp nybrygget kaffe og <strong>hjemmebakt banankake laget av lokale bananer<\/strong> om man \u00f8nsker det.<\/p>\n<p>F\u00f8r vi forlater g\u00e5rden f\u00e5r vi med oss <strong>Mari-Carmens ber\u00f8mte kanariske mojo<\/strong> som gave \u2013 hun deler sine beste tips og sm\u00e5 hemmeligheter for \u00e5 lage den <strong>perfekt balanserte mojo-sausen<\/strong>, kjent for sin sterke og fyldige smak.<\/p>\n<p><strong>Denne gaven er det som avslutter og virkelig gj\u00f8r turen komplett.<\/strong><\/p>\n<p><strong>EN UTFLUKT FOR DEG SOM \u00d8NSKER \u00c5 OPPLEVE GRAN CANARIAS EKTE LANDSBYGDA I ROLIGE OMGIVELSER OG NYTE GENUINE LOKALE SMAKER.<\/strong><\/p>\n<\/div>\n<p>&nbsp;<\/p>\n<table class=\"table table-bordered tours-tabs__table\" style=\"height: 233px;\" width=\"862\">\n<tbody>\n<tr>\n<td><strong data-start=\"71\" data-end=\"85\">Avreisestid<\/strong><\/td>\n<td>Se avreisestid under fanen &laquo;bussen henter&raquo; nedenfor<\/td>\n<\/tr>\n<tr>\n<td><strong>Ankomsttid ca.<\/strong><\/td>\n<td>\n<div class=\"qodef-value\">17:30<\/div>\n<\/td>\n<\/tr>\n<tr>\n<td><strong>Anbefalt bekledning<\/strong><\/td>\n<td>Ha p\u00e5 deg komfortable kl\u00e6r og sko, ta alltid med en ekstra genser eller jakke da v\u00e6ret kan endre seg.<\/td>\n<\/tr>\n<tr>\n<td><strong>Hva er inkludert i utfluktsprisen?<\/strong><\/td>\n<td>\n<table class=\"table table-bordered\" style=\"height: 62px;\" width=\"300\">\n<tbody>\n<tr>\n<td><i class=\"fa fa-check icon-tick icon-tick--on\"><\/i>Smakspr\u00f8ver av g\u00e5rdens oliven, \u00f8kologisk extra virgin-olivenolje med br\u00f8d &amp; lokalprodusert honning<br \/>\n<i class=\"fa fa-check icon-tick icon-tick--on\"><\/i>Spansk tapas lunsj med vin<br \/>\n<i class=\"fa fa-check icon-tick icon-tick--on\"><\/i>Utflukt med skandinavisktalende guide<\/td>\n<\/tr>\n<\/tbody>\n<\/table>\n<\/td>\n<\/tr>\n<tr>\n<td><strong>Passer for<\/strong><\/td>\n<td><i class=\"fa fa-check icon-tick icon-tick--on\"><\/i>Deg som vil ha en avslappende utflukt i harmonisk atmosf\u00e6re og l\u00e6re alt mulig om oliven og fremstillingen av det &laquo;ber\u00f8mte flytende gullet&raquo; &#8211; \u00f8yas mest kjente olivenolje.<\/td>\n<\/tr>\n<\/tbody>\n<\/table>\n<h2 align=\"CENTER\"><\/h2>\n<h2 align=\"CENTER\">KART OVER UTFLUKTENS RUTE<\/h2>\n<p style=\"text-align: center;\">Du kan klikke p\u00e5 bildet for \u00e5 zoome inn \ud83d\ude42<\/p>\n<p style=\"text-align: center;\"><img loading=\"lazy\" decoding=\"async\" class=\"alignnone wp-image-2705 size-full\" src=\"https:\/\/skandinaviskautflykter.com\/wp-content\/uploads\/olivos.jpg\" alt=\"\" width=\"1920\" height=\"1080\" srcset=\"https:\/\/skandinaviskautflykter.com\/wp-content\/uploads\/olivos.jpg 1920w, https:\/\/skandinaviskautflykter.com\/wp-content\/uploads\/olivos-768x432.jpg 768w, https:\/\/skandinaviskautflykter.com\/wp-content\/uploads\/olivos-1536x864.jpg 1536w, https:\/\/skandinaviskautflykter.com\/wp-content\/uploads\/olivos-600x338.jpg 600w\" sizes=\"auto, (max-width: 1920px) 100vw, 1920px\" \/><\/p>\n","protected":false},"excerpt":{"rendered":"<p>Vi starter dagen med \u00e5 dra mot den prisbel\u00f8nte g\u00e5rden Los Olivos, vakkert beliggende i Telde. Denne sjarmerende familieeide g\u00e5rden er kjent for sin \u00f8kologiske, h\u00f8ykvalitets olivenolje som har blitt bel\u00f8nnet med flere utmerkelser.<\/p>\n","protected":false},"featured_media":2951,"comment_status":"closed","ping_status":"closed","template":"","meta":{"_glsr_average":0,"_glsr_ranking":0,"_glsr_reviews":0},"product_brand":[],"product_cat":[138,122],"product_tag":[145,139,143,146,144],"class_list":{"0":"post-2941","1":"product","2":"type-product","3":"status-publish","4":"has-post-thumbnail","6":"product_cat-utvalgt","7":"product_cat-uncategorized-no","8":"product_tag-cruz-tejeda","9":"product_tag-gran-canaria","10":"product_tag-maspalomas","11":"product_tag-mirador-yeguas","12":"product_tag-roque-nublo","13":"tour_category-sor","15":"first","16":"instock","17":"sale","18":"featured","19":"shipping-taxable","20":"purchasable","21":"product-type-tour"},"yoast_head":"<!-- This site is optimized with the Yoast SEO plugin v27.1 - https:\/\/yoast.com\/product\/yoast-seo-wordpress\/ -->\n<title>| Torsdag | EKTE GRAN CANARIA MED BES\u00d8K P\u00c5 PRISBEL\u00d8NT OLIVENG\u00c5RD - Skandinaviska Utflykter<\/title>\n<meta name=\"robots\" content=\"index, follow, max-snippet:-1, max-image-preview:large, max-video-preview:-1\" \/>\n<link rel=\"canonical\" href=\"https:\/\/skandinaviskautflykter.com\/no\/tours\/torsdag-ekte-gran-canaria-med-besok-pa-prisbelont-olivengard\/\" \/>\n<meta property=\"og:locale\" content=\"nb_NO\" \/>\n<meta property=\"og:type\" content=\"article\" \/>\n<meta property=\"og:title\" content=\"| Torsdag | EKTE GRAN CANARIA MED BES\u00d8K P\u00c5 PRISBEL\u00d8NT OLIVENG\u00c5RD - Skandinaviska Utflykter\" \/>\n<meta property=\"og:description\" content=\"Vi starter dagen med \u00e5 dra mot den prisbel\u00f8nte g\u00e5rden Los Olivos, vakkert beliggende i Telde. Denne sjarmerende familieeide g\u00e5rden er kjent for sin \u00f8kologiske, h\u00f8ykvalitets olivenolje som har blitt bel\u00f8nnet med flere utmerkelser.\" \/>\n<meta property=\"og:url\" content=\"https:\/\/skandinaviskautflykter.com\/no\/tours\/torsdag-ekte-gran-canaria-med-besok-pa-prisbelont-olivengard\/\" \/>\n<meta property=\"og:site_name\" content=\"Skandinaviska Utflykter\" \/>\n<meta property=\"article:modified_time\" content=\"2026-01-09T18:40:08+00:00\" \/>\n<meta property=\"og:image\" content=\"https:\/\/skandinaviskautflykter.com\/wp-content\/uploads\/foto.jpeg\" \/>\n\t<meta property=\"og:image:width\" content=\"1080\" \/>\n\t<meta property=\"og:image:height\" content=\"720\" \/>\n\t<meta property=\"og:image:type\" content=\"image\/jpeg\" \/>\n<meta name=\"twitter:card\" content=\"summary_large_image\" \/>\n<script type=\"application\/ld+json\" class=\"yoast-schema-graph\">{\"@context\":\"https:\/\/schema.org\",\"@graph\":[{\"@type\":\"WebPage\",\"@id\":\"https:\/\/skandinaviskautflykter.com\/no\/tours\/torsdag-ekte-gran-canaria-med-besok-pa-prisbelont-olivengard\/\",\"url\":\"https:\/\/skandinaviskautflykter.com\/no\/tours\/torsdag-ekte-gran-canaria-med-besok-pa-prisbelont-olivengard\/\",\"name\":\"| Torsdag | EKTE GRAN CANARIA MED BES\u00d8K P\u00c5 PRISBEL\u00d8NT OLIVENG\u00c5RD - Skandinaviska Utflykter\",\"isPartOf\":{\"@id\":\"https:\/\/skandinaviskautflykter.com\/no\/#website\"},\"primaryImageOfPage\":{\"@id\":\"https:\/\/skandinaviskautflykter.com\/no\/tours\/torsdag-ekte-gran-canaria-med-besok-pa-prisbelont-olivengard\/#primaryimage\"},\"image\":{\"@id\":\"https:\/\/skandinaviskautflykter.com\/no\/tours\/torsdag-ekte-gran-canaria-med-besok-pa-prisbelont-olivengard\/#primaryimage\"},\"thumbnailUrl\":\"https:\/\/skandinaviskautflykter.com\/wp-content\/uploads\/foto.jpeg\",\"datePublished\":\"2025-09-04T18:00:21+00:00\",\"dateModified\":\"2026-01-09T18:40:08+00:00\",\"breadcrumb\":{\"@id\":\"https:\/\/skandinaviskautflykter.com\/no\/tours\/torsdag-ekte-gran-canaria-med-besok-pa-prisbelont-olivengard\/#breadcrumb\"},\"inLanguage\":\"nb-NO\",\"potentialAction\":[{\"@type\":\"ReadAction\",\"target\":[\"https:\/\/skandinaviskautflykter.com\/no\/tours\/torsdag-ekte-gran-canaria-med-besok-pa-prisbelont-olivengard\/\"]}]},{\"@type\":\"ImageObject\",\"inLanguage\":\"nb-NO\",\"@id\":\"https:\/\/skandinaviskautflykter.com\/no\/tours\/torsdag-ekte-gran-canaria-med-besok-pa-prisbelont-olivengard\/#primaryimage\",\"url\":\"https:\/\/skandinaviskautflykter.com\/wp-content\/uploads\/foto.jpeg\",\"contentUrl\":\"https:\/\/skandinaviskautflykter.com\/wp-content\/uploads\/foto.jpeg\",\"width\":1080,\"height\":720},{\"@type\":\"BreadcrumbList\",\"@id\":\"https:\/\/skandinaviskautflykter.com\/no\/tours\/torsdag-ekte-gran-canaria-med-besok-pa-prisbelont-olivengard\/#breadcrumb\",\"itemListElement\":[{\"@type\":\"ListItem\",\"position\":1,\"name\":\"Home\",\"item\":\"https:\/\/skandinaviskautflykter.com\/no\/\"},{\"@type\":\"ListItem\",\"position\":2,\"name\":\"Produkter\",\"item\":\"https:\/\/skandinaviskautflykter.com\/no\/shop\/\"},{\"@type\":\"ListItem\",\"position\":3,\"name\":\"| Torsdag | EKTE GRAN CANARIA MED BES\u00d8K P\u00c5 PRISBEL\u00d8NT OLIVENG\u00c5RD\"}]},{\"@type\":\"WebSite\",\"@id\":\"https:\/\/skandinaviskautflykter.com\/no\/#website\",\"url\":\"https:\/\/skandinaviskautflykter.com\/no\/\",\"name\":\"Skandinaviska Utflykter\",\"description\":\"Discover the best of the Canary Islands with those who know them best\",\"publisher\":{\"@id\":\"https:\/\/skandinaviskautflykter.com\/no\/#organization\"},\"potentialAction\":[{\"@type\":\"SearchAction\",\"target\":{\"@type\":\"EntryPoint\",\"urlTemplate\":\"https:\/\/skandinaviskautflykter.com\/no\/?s={search_term_string}\"},\"query-input\":{\"@type\":\"PropertyValueSpecification\",\"valueRequired\":true,\"valueName\":\"search_term_string\"}}],\"inLanguage\":\"nb-NO\"},{\"@type\":\"Organization\",\"@id\":\"https:\/\/skandinaviskautflykter.com\/no\/#organization\",\"name\":\"Skandinaviska Utflykter\",\"url\":\"https:\/\/skandinaviskautflykter.com\/no\/\",\"logo\":{\"@type\":\"ImageObject\",\"inLanguage\":\"nb-NO\",\"@id\":\"https:\/\/skandinaviskautflykter.com\/no\/#\/schema\/logo\/image\/\",\"url\":\"https:\/\/skandinaviskautflykter.com\/wp-content\/uploads\/logo-big.png\",\"contentUrl\":\"https:\/\/skandinaviskautflykter.com\/wp-content\/uploads\/logo-big.png\",\"width\":317,\"height\":141,\"caption\":\"Skandinaviska Utflykter\"},\"image\":{\"@id\":\"https:\/\/skandinaviskautflykter.com\/no\/#\/schema\/logo\/image\/\"}}]}<\/script>\n<!-- \/ Yoast SEO plugin. -->","yoast_head_json":{"title":"| Torsdag | EKTE GRAN CANARIA MED BES\u00d8K P\u00c5 PRISBEL\u00d8NT OLIVENG\u00c5RD - Skandinaviska Utflykter","robots":{"index":"index","follow":"follow","max-snippet":"max-snippet:-1","max-image-preview":"max-image-preview:large","max-video-preview":"max-video-preview:-1"},"canonical":"https:\/\/skandinaviskautflykter.com\/no\/tours\/torsdag-ekte-gran-canaria-med-besok-pa-prisbelont-olivengard\/","og_locale":"nb_NO","og_type":"article","og_title":"| Torsdag | EKTE GRAN CANARIA MED BES\u00d8K P\u00c5 PRISBEL\u00d8NT OLIVENG\u00c5RD - Skandinaviska Utflykter","og_description":"Vi starter dagen med \u00e5 dra mot den prisbel\u00f8nte g\u00e5rden Los Olivos, vakkert beliggende i Telde. Denne sjarmerende familieeide g\u00e5rden er kjent for sin \u00f8kologiske, h\u00f8ykvalitets olivenolje som har blitt bel\u00f8nnet med flere utmerkelser.","og_url":"https:\/\/skandinaviskautflykter.com\/no\/tours\/torsdag-ekte-gran-canaria-med-besok-pa-prisbelont-olivengard\/","og_site_name":"Skandinaviska Utflykter","article_modified_time":"2026-01-09T18:40:08+00:00","og_image":[{"width":1080,"height":720,"url":"https:\/\/skandinaviskautflykter.com\/wp-content\/uploads\/foto.jpeg","type":"image\/jpeg"}],"twitter_card":"summary_large_image","schema":{"@context":"https:\/\/schema.org","@graph":[{"@type":"WebPage","@id":"https:\/\/skandinaviskautflykter.com\/no\/tours\/torsdag-ekte-gran-canaria-med-besok-pa-prisbelont-olivengard\/","url":"https:\/\/skandinaviskautflykter.com\/no\/tours\/torsdag-ekte-gran-canaria-med-besok-pa-prisbelont-olivengard\/","name":"| Torsdag | EKTE GRAN CANARIA MED BES\u00d8K P\u00c5 PRISBEL\u00d8NT OLIVENG\u00c5RD - Skandinaviska Utflykter","isPartOf":{"@id":"https:\/\/skandinaviskautflykter.com\/no\/#website"},"primaryImageOfPage":{"@id":"https:\/\/skandinaviskautflykter.com\/no\/tours\/torsdag-ekte-gran-canaria-med-besok-pa-prisbelont-olivengard\/#primaryimage"},"image":{"@id":"https:\/\/skandinaviskautflykter.com\/no\/tours\/torsdag-ekte-gran-canaria-med-besok-pa-prisbelont-olivengard\/#primaryimage"},"thumbnailUrl":"https:\/\/skandinaviskautflykter.com\/wp-content\/uploads\/foto.jpeg","datePublished":"2025-09-04T18:00:21+00:00","dateModified":"2026-01-09T18:40:08+00:00","breadcrumb":{"@id":"https:\/\/skandinaviskautflykter.com\/no\/tours\/torsdag-ekte-gran-canaria-med-besok-pa-prisbelont-olivengard\/#breadcrumb"},"inLanguage":"nb-NO","potentialAction":[{"@type":"ReadAction","target":["https:\/\/skandinaviskautflykter.com\/no\/tours\/torsdag-ekte-gran-canaria-med-besok-pa-prisbelont-olivengard\/"]}]},{"@type":"ImageObject","inLanguage":"nb-NO","@id":"https:\/\/skandinaviskautflykter.com\/no\/tours\/torsdag-ekte-gran-canaria-med-besok-pa-prisbelont-olivengard\/#primaryimage","url":"https:\/\/skandinaviskautflykter.com\/wp-content\/uploads\/foto.jpeg","contentUrl":"https:\/\/skandinaviskautflykter.com\/wp-content\/uploads\/foto.jpeg","width":1080,"height":720},{"@type":"BreadcrumbList","@id":"https:\/\/skandinaviskautflykter.com\/no\/tours\/torsdag-ekte-gran-canaria-med-besok-pa-prisbelont-olivengard\/#breadcrumb","itemListElement":[{"@type":"ListItem","position":1,"name":"Home","item":"https:\/\/skandinaviskautflykter.com\/no\/"},{"@type":"ListItem","position":2,"name":"Produkter","item":"https:\/\/skandinaviskautflykter.com\/no\/shop\/"},{"@type":"ListItem","position":3,"name":"| Torsdag | EKTE GRAN CANARIA MED BES\u00d8K P\u00c5 PRISBEL\u00d8NT OLIVENG\u00c5RD"}]},{"@type":"WebSite","@id":"https:\/\/skandinaviskautflykter.com\/no\/#website","url":"https:\/\/skandinaviskautflykter.com\/no\/","name":"Skandinaviska Utflykter","description":"Discover the best of the Canary Islands with those who know them best","publisher":{"@id":"https:\/\/skandinaviskautflykter.com\/no\/#organization"},"potentialAction":[{"@type":"SearchAction","target":{"@type":"EntryPoint","urlTemplate":"https:\/\/skandinaviskautflykter.com\/no\/?s={search_term_string}"},"query-input":{"@type":"PropertyValueSpecification","valueRequired":true,"valueName":"search_term_string"}}],"inLanguage":"nb-NO"},{"@type":"Organization","@id":"https:\/\/skandinaviskautflykter.com\/no\/#organization","name":"Skandinaviska Utflykter","url":"https:\/\/skandinaviskautflykter.com\/no\/","logo":{"@type":"ImageObject","inLanguage":"nb-NO","@id":"https:\/\/skandinaviskautflykter.com\/no\/#\/schema\/logo\/image\/","url":"https:\/\/skandinaviskautflykter.com\/wp-content\/uploads\/logo-big.png","contentUrl":"https:\/\/skandinaviskautflykter.com\/wp-content\/uploads\/logo-big.png","width":317,"height":141,"caption":"Skandinaviska Utflykter"},"image":{"@id":"https:\/\/skandinaviskautflykter.com\/no\/#\/schema\/logo\/image\/"}}]}},"_links":{"self":[{"href":"https:\/\/skandinaviskautflykter.com\/no\/wp-json\/wp\/v2\/product\/2941","targetHints":{"allow":["GET"]}}],"collection":[{"href":"https:\/\/skandinaviskautflykter.com\/no\/wp-json\/wp\/v2\/product"}],"about":[{"href":"https:\/\/skandinaviskautflykter.com\/no\/wp-json\/wp\/v2\/types\/product"}],"replies":[{"embeddable":true,"href":"https:\/\/skandinaviskautflykter.com\/no\/wp-json\/wp\/v2\/comments?post=2941"}],"wp:featuredmedia":[{"embeddable":true,"href":"https:\/\/skandinaviskautflykter.com\/no\/wp-json\/wp\/v2\/media\/2951"}],"wp:attachment":[{"href":"https:\/\/skandinaviskautflykter.com\/no\/wp-json\/wp\/v2\/media?parent=2941"}],"wp:term":[{"taxonomy":"product_brand","embeddable":true,"href":"https:\/\/skandinaviskautflykter.com\/no\/wp-json\/wp\/v2\/product_brand?post=2941"},{"taxonomy":"product_cat","embeddable":true,"href":"https:\/\/skandinaviskautflykter.com\/no\/wp-json\/wp\/v2\/product_cat?post=2941"},{"taxonomy":"product_tag","embeddable":true,"href":"https:\/\/skandinaviskautflykter.com\/no\/wp-json\/wp\/v2\/product_tag?post=2941"}],"curies":[{"name":"wp","href":"https:\/\/api.w.org\/{rel}","templated":true}]}}