{"id":2960,"date":"2025-08-05T15:40:55","date_gmt":"2025-08-05T15:40:55","guid":{"rendered":"https:\/\/skandinaviskautflykter.com\/tours\/mandag-torsdag-lordag-beromte-gran-canaria-rundt\/"},"modified":"2026-01-15T14:22:52","modified_gmt":"2026-01-15T13:22:52","slug":"mandag-torsdag-lordag-beromte-gran-canaria-rundt","status":"publish","type":"product","link":"https:\/\/skandinaviskautflykter.com\/no\/tours\/mandag-torsdag-lordag-beromte-gran-canaria-rundt\/","title":{"rendered":"| Mandag, torsdag, l\u00f8rdag | BER\u00d8MTE GRAN CANARIA RUNDT"},"content":{"rendered":"<p class=\"dia\" style=\"text-align: center;\">Mandag, torsdag, l\u00f8rdag<\/p>\n<h1 style=\"text-align: center;\">Ber\u00f8mte Gran Canaria Rundt<\/h1>\n<h2 align=\"CENTER\"><span style=\"color: #2196cf;\">EN UTFLUKT AV BLANDET KARAKTER HVOR MAN F\u00c5R OPPLEVE \u00d8YA FRA SIN BESTE SIDE<\/span><\/h2>\n<h5 style=\"text-align: center;\"><span style=\"color: #008000;\">SUKSESSEN OG KLASSIKEREN ER TILBAKE \u2013 I NY UTGAVE!<br \/>\nEN FLASKE HVITVIN PER PAR SOM GAVE!<\/span><\/h5>\n<p>Bli med p\u00e5 v\u00e5r <strong>popul\u00e6re klassiker<\/strong> som tar deg langs Gran Canarias fire kyster. Vi starter turen p\u00e5 et <strong>sjarmerende kanarisk g\u00e5rdskaf\u00e9 i Telde<\/strong>, hvor du kan kj\u00f8pe en <strong>god kaffe<\/strong> eller et lett m\u00e5ltid om \u00f8nskelig og nyte den <strong>rolige atmosf\u00e6ren<\/strong>.<\/p>\n<p style=\"text-align: center;\"><button id=\"read-more\" class=\"read-more-button\">Mer informasjon<\/button><\/p>\n<div id=\"more-content\" class=\"more-content\" style=\"display: none;\">\n<p>F\u00f8r vi forlater g\u00e5rden, f\u00e5r vi med oss <strong>en flaske hvitvin per par i gave<\/strong> \u2013 et ekte <strong>symbol p\u00e5 den spanske kulturen<\/strong>. Reisen fortsetter deretter <strong>mot klokken rundt \u00f8ya<\/strong>, forbi vidstrakte bananplantasjer og videre til den <strong>pittoreske fiskerlandsbyen Puerto de Las Nieves i Agaete<\/strong>. Her kan du spasere langs vannet og h\u00f8re guiden fortelle om den ber\u00f8mte <strong>klippeformasjonen \u00abGuds finger\u00bb<\/strong>.<\/p>\n<p>Vi fortsetter langs den <strong>dramatiske vestkysten<\/strong>, passerer den nye Faneque-tunnelen og stopper ved den nye strandpromenaden for et fotostopp i <strong>La Aldea de San Nicol\u00e1s<\/strong> \u2013 kjent for sine tomater og den \u00e5rlige folkefesten <strong>Fiesta del Charco<\/strong>. Turen g\u00e5r videre gjennom de <strong>mektige fjellmassivene<\/strong> og det spektakul\u00e6re <strong>\u00abRegnbuefjellet\u00bb<\/strong>, hvor kameraet b\u00f8r v\u00e6re klart.<\/p>\n<p>Turen avsluttes med at vi kj\u00f8rer gjennom den sjarmerende landsbyen Mog\u00e1n, og vi kan n\u00e5 stolt si at vi har <strong>kj\u00f8rt Gran Canaria rundt<\/strong> \u2013 med <strong>minner for livet<\/strong> og en flaske hvitvin per par som en <strong>verdsatt gave<\/strong> og en fin avslutning p\u00e5 dagen.<\/p>\n<p><strong>Bli med p\u00e5 v\u00e5r popul\u00e6re rundtur som tar deg langs Gran Canarias fire kyster \u2013 en opplevelse du rett og slett ikke m\u00e5 g\u00e5 glipp av.<\/strong><\/p>\n<\/div>\n<table class=\"table table-bordered tours-tabs__table\" style=\"height: 233px;\" width=\"862\">\n<tbody>\n<tr>\n<td><strong data-start=\"71\" data-end=\"85\">Avreisestid<\/strong><\/td>\n<td>Se avreisestid under fanen &laquo;bussen henter&raquo; nedenfor<\/td>\n<\/tr>\n<tr>\n<td><strong>Ankomsttid ca.<\/strong><\/td>\n<td>\n<div class=\"qodef-value\">18:30<\/div>\n<\/td>\n<\/tr>\n<tr>\n<td><strong>Anbefalt bekledning<\/strong><\/td>\n<td>Ha p\u00e5 deg komfortable kl\u00e6r og sko, ta alltid med en ekstra genser eller jakke da v\u00e6ret kan endre seg.<\/td>\n<\/tr>\n<tr>\n<td><strong>Hva er inkludert i utfluktsprisen?<\/strong><\/td>\n<td>\n<table class=\"table table-bordered\" style=\"height: 62px;\" width=\"300\">\n<tbody>\n<tr>\n<td><i class=\"fa fa-check icon-tick icon-tick--on\"><\/i>Spansk tapas lunsj med vin<\/td>\n<td><i class=\"fa fa-check icon-tick icon-tick--on\"><\/i>Utflukt med skandinavisktalende guide<\/td>\n<\/tr>\n<tr>\n<td><i class=\"fa fa-check icon-tick icon-tick--on\"><\/i>EN FLASKA VITT VIN PER PAR SOM G\u00c5VA!<\/td>\n<td><\/td>\n<\/tr>\n<\/tbody>\n<\/table>\n<\/td>\n<\/tr>\n<tr>\n<td><strong>Passer for<\/strong><\/td>\n<td><i class=\"fa fa-check icon-tick icon-tick--on\"><\/i>Deg som vil kunne klappe deg selv p\u00e5 skulderen og kunne si at du har tatt deg \u00f8ya rundt, en ekte klassiker.<\/td>\n<\/tr>\n<\/tbody>\n<\/table>\n<h2 align=\"CENTER\"><\/h2>\n<h2 align=\"CENTER\">KART OVER UTFLUKTENS RUTE<\/h2>\n<p style=\"text-align: center;\">Du kan klikke p\u00e5 bildet for \u00e5 zoome inn \ud83d\ude42<\/p>\n<p style=\"text-align: center;\"><img loading=\"lazy\" decoding=\"async\" class=\"alignnone wp-image-2619 size-full\" src=\"https:\/\/skandinaviskautflykter.com\/wp-content\/uploads\/GC-RUNT-1.jpg\" alt=\"\" width=\"1920\" height=\"1080\" srcset=\"https:\/\/skandinaviskautflykter.com\/wp-content\/uploads\/GC-RUNT-1.jpg 1920w, https:\/\/skandinaviskautflykter.com\/wp-content\/uploads\/GC-RUNT-1-768x432.jpg 768w, https:\/\/skandinaviskautflykter.com\/wp-content\/uploads\/GC-RUNT-1-1536x864.jpg 1536w, https:\/\/skandinaviskautflykter.com\/wp-content\/uploads\/GC-RUNT-1-600x338.jpg 600w\" sizes=\"auto, (max-width: 1920px) 100vw, 1920px\" \/><\/p>\n","protected":false},"excerpt":{"rendered":"<p>Bli med p\u00e5 v\u00e5r popul\u00e6re klassiker som tar deg langs Gran Canarias fire kyster \u2013 en opplevelse du bare ikke m\u00e5 g\u00e5 glipp av! Vi starter reisen p\u00e5 en sjarmerende kanarisk g\u00e5rdskaf\u00e9 som ligger i byen Telde.<\/p>\n","protected":false},"featured_media":3029,"comment_status":"closed","ping_status":"closed","template":"","meta":{"_glsr_average":0,"_glsr_ranking":0,"_glsr_reviews":0},"product_brand":[],"product_cat":[138,122],"product_tag":[145,139,143,146,144],"class_list":{"0":"post-2960","1":"product","2":"type-product","3":"status-publish","4":"has-post-thumbnail","6":"product_cat-utvalgt","7":"product_cat-uncategorized-no","8":"product_tag-cruz-tejeda","9":"product_tag-gran-canaria","10":"product_tag-maspalomas","11":"product_tag-mirador-yeguas","12":"product_tag-roque-nublo","13":"tour_category-sor","15":"first","16":"instock","17":"sale","18":"featured","19":"shipping-taxable","20":"purchasable","21":"product-type-tour"},"yoast_head":"<!-- This site is optimized with the Yoast SEO plugin v27.1 - https:\/\/yoast.com\/product\/yoast-seo-wordpress\/ -->\n<title>| Mandag, torsdag, l\u00f8rdag | BER\u00d8MTE GRAN CANARIA RUNDT - Skandinaviska Utflykter<\/title>\n<meta name=\"robots\" content=\"index, follow, max-snippet:-1, max-image-preview:large, max-video-preview:-1\" \/>\n<link rel=\"canonical\" href=\"https:\/\/skandinaviskautflykter.com\/no\/tours\/mandag-torsdag-lordag-beromte-gran-canaria-rundt\/\" \/>\n<meta property=\"og:locale\" content=\"nb_NO\" \/>\n<meta property=\"og:type\" content=\"article\" \/>\n<meta property=\"og:title\" content=\"| Mandag, torsdag, l\u00f8rdag | BER\u00d8MTE GRAN CANARIA RUNDT - Skandinaviska Utflykter\" \/>\n<meta property=\"og:description\" content=\"Bli med p\u00e5 v\u00e5r popul\u00e6re klassiker som tar deg langs Gran Canarias fire kyster \u2013 en opplevelse du bare ikke m\u00e5 g\u00e5 glipp av! Vi starter reisen p\u00e5 en sjarmerende kanarisk g\u00e5rdskaf\u00e9 som ligger i byen Telde.\" \/>\n<meta property=\"og:url\" content=\"https:\/\/skandinaviskautflykter.com\/no\/tours\/mandag-torsdag-lordag-beromte-gran-canaria-rundt\/\" \/>\n<meta property=\"og:site_name\" content=\"Skandinaviska Utflykter\" \/>\n<meta property=\"article:modified_time\" content=\"2026-01-15T13:22:52+00:00\" \/>\n<meta property=\"og:image\" content=\"https:\/\/skandinaviskautflykter.com\/wp-content\/uploads\/agaete_Ws.jpg\" \/>\n\t<meta property=\"og:image:width\" content=\"1920\" \/>\n\t<meta property=\"og:image:height\" content=\"1280\" \/>\n\t<meta property=\"og:image:type\" content=\"image\/jpeg\" \/>\n<meta name=\"twitter:card\" content=\"summary_large_image\" \/>\n<script type=\"application\/ld+json\" class=\"yoast-schema-graph\">{\"@context\":\"https:\/\/schema.org\",\"@graph\":[{\"@type\":\"WebPage\",\"@id\":\"https:\/\/skandinaviskautflykter.com\/no\/tours\/mandag-torsdag-lordag-beromte-gran-canaria-rundt\/\",\"url\":\"https:\/\/skandinaviskautflykter.com\/no\/tours\/mandag-torsdag-lordag-beromte-gran-canaria-rundt\/\",\"name\":\"| Mandag, torsdag, l\u00f8rdag | BER\u00d8MTE GRAN CANARIA RUNDT - Skandinaviska Utflykter\",\"isPartOf\":{\"@id\":\"https:\/\/skandinaviskautflykter.com\/no\/#website\"},\"primaryImageOfPage\":{\"@id\":\"https:\/\/skandinaviskautflykter.com\/no\/tours\/mandag-torsdag-lordag-beromte-gran-canaria-rundt\/#primaryimage\"},\"image\":{\"@id\":\"https:\/\/skandinaviskautflykter.com\/no\/tours\/mandag-torsdag-lordag-beromte-gran-canaria-rundt\/#primaryimage\"},\"thumbnailUrl\":\"https:\/\/skandinaviskautflykter.com\/wp-content\/uploads\/agaete_Ws.jpg\",\"datePublished\":\"2025-08-05T15:40:55+00:00\",\"dateModified\":\"2026-01-15T13:22:52+00:00\",\"breadcrumb\":{\"@id\":\"https:\/\/skandinaviskautflykter.com\/no\/tours\/mandag-torsdag-lordag-beromte-gran-canaria-rundt\/#breadcrumb\"},\"inLanguage\":\"nb-NO\",\"potentialAction\":[{\"@type\":\"ReadAction\",\"target\":[\"https:\/\/skandinaviskautflykter.com\/no\/tours\/mandag-torsdag-lordag-beromte-gran-canaria-rundt\/\"]}]},{\"@type\":\"ImageObject\",\"inLanguage\":\"nb-NO\",\"@id\":\"https:\/\/skandinaviskautflykter.com\/no\/tours\/mandag-torsdag-lordag-beromte-gran-canaria-rundt\/#primaryimage\",\"url\":\"https:\/\/skandinaviskautflykter.com\/wp-content\/uploads\/agaete_Ws.jpg\",\"contentUrl\":\"https:\/\/skandinaviskautflykter.com\/wp-content\/uploads\/agaete_Ws.jpg\",\"width\":1920,\"height\":1280},{\"@type\":\"BreadcrumbList\",\"@id\":\"https:\/\/skandinaviskautflykter.com\/no\/tours\/mandag-torsdag-lordag-beromte-gran-canaria-rundt\/#breadcrumb\",\"itemListElement\":[{\"@type\":\"ListItem\",\"position\":1,\"name\":\"Home\",\"item\":\"https:\/\/skandinaviskautflykter.com\/no\/\"},{\"@type\":\"ListItem\",\"position\":2,\"name\":\"Produkter\",\"item\":\"https:\/\/skandinaviskautflykter.com\/no\/shop\/\"},{\"@type\":\"ListItem\",\"position\":3,\"name\":\"| Mandag, torsdag, l\u00f8rdag | BER\u00d8MTE GRAN CANARIA RUNDT\"}]},{\"@type\":\"WebSite\",\"@id\":\"https:\/\/skandinaviskautflykter.com\/no\/#website\",\"url\":\"https:\/\/skandinaviskautflykter.com\/no\/\",\"name\":\"Skandinaviska Utflykter\",\"description\":\"Discover the best of the Canary Islands with those who know them best\",\"publisher\":{\"@id\":\"https:\/\/skandinaviskautflykter.com\/no\/#organization\"},\"potentialAction\":[{\"@type\":\"SearchAction\",\"target\":{\"@type\":\"EntryPoint\",\"urlTemplate\":\"https:\/\/skandinaviskautflykter.com\/no\/?s={search_term_string}\"},\"query-input\":{\"@type\":\"PropertyValueSpecification\",\"valueRequired\":true,\"valueName\":\"search_term_string\"}}],\"inLanguage\":\"nb-NO\"},{\"@type\":\"Organization\",\"@id\":\"https:\/\/skandinaviskautflykter.com\/no\/#organization\",\"name\":\"Skandinaviska Utflykter\",\"url\":\"https:\/\/skandinaviskautflykter.com\/no\/\",\"logo\":{\"@type\":\"ImageObject\",\"inLanguage\":\"nb-NO\",\"@id\":\"https:\/\/skandinaviskautflykter.com\/no\/#\/schema\/logo\/image\/\",\"url\":\"https:\/\/skandinaviskautflykter.com\/wp-content\/uploads\/logo-big.png\",\"contentUrl\":\"https:\/\/skandinaviskautflykter.com\/wp-content\/uploads\/logo-big.png\",\"width\":317,\"height\":141,\"caption\":\"Skandinaviska Utflykter\"},\"image\":{\"@id\":\"https:\/\/skandinaviskautflykter.com\/no\/#\/schema\/logo\/image\/\"}}]}<\/script>\n<!-- \/ Yoast SEO plugin. -->","yoast_head_json":{"title":"| Mandag, torsdag, l\u00f8rdag | BER\u00d8MTE GRAN CANARIA RUNDT - Skandinaviska Utflykter","robots":{"index":"index","follow":"follow","max-snippet":"max-snippet:-1","max-image-preview":"max-image-preview:large","max-video-preview":"max-video-preview:-1"},"canonical":"https:\/\/skandinaviskautflykter.com\/no\/tours\/mandag-torsdag-lordag-beromte-gran-canaria-rundt\/","og_locale":"nb_NO","og_type":"article","og_title":"| Mandag, torsdag, l\u00f8rdag | BER\u00d8MTE GRAN CANARIA RUNDT - Skandinaviska Utflykter","og_description":"Bli med p\u00e5 v\u00e5r popul\u00e6re klassiker som tar deg langs Gran Canarias fire kyster \u2013 en opplevelse du bare ikke m\u00e5 g\u00e5 glipp av! Vi starter reisen p\u00e5 en sjarmerende kanarisk g\u00e5rdskaf\u00e9 som ligger i byen Telde.","og_url":"https:\/\/skandinaviskautflykter.com\/no\/tours\/mandag-torsdag-lordag-beromte-gran-canaria-rundt\/","og_site_name":"Skandinaviska Utflykter","article_modified_time":"2026-01-15T13:22:52+00:00","og_image":[{"width":1920,"height":1280,"url":"https:\/\/skandinaviskautflykter.com\/wp-content\/uploads\/agaete_Ws.jpg","type":"image\/jpeg"}],"twitter_card":"summary_large_image","schema":{"@context":"https:\/\/schema.org","@graph":[{"@type":"WebPage","@id":"https:\/\/skandinaviskautflykter.com\/no\/tours\/mandag-torsdag-lordag-beromte-gran-canaria-rundt\/","url":"https:\/\/skandinaviskautflykter.com\/no\/tours\/mandag-torsdag-lordag-beromte-gran-canaria-rundt\/","name":"| Mandag, torsdag, l\u00f8rdag | BER\u00d8MTE GRAN CANARIA RUNDT - Skandinaviska Utflykter","isPartOf":{"@id":"https:\/\/skandinaviskautflykter.com\/no\/#website"},"primaryImageOfPage":{"@id":"https:\/\/skandinaviskautflykter.com\/no\/tours\/mandag-torsdag-lordag-beromte-gran-canaria-rundt\/#primaryimage"},"image":{"@id":"https:\/\/skandinaviskautflykter.com\/no\/tours\/mandag-torsdag-lordag-beromte-gran-canaria-rundt\/#primaryimage"},"thumbnailUrl":"https:\/\/skandinaviskautflykter.com\/wp-content\/uploads\/agaete_Ws.jpg","datePublished":"2025-08-05T15:40:55+00:00","dateModified":"2026-01-15T13:22:52+00:00","breadcrumb":{"@id":"https:\/\/skandinaviskautflykter.com\/no\/tours\/mandag-torsdag-lordag-beromte-gran-canaria-rundt\/#breadcrumb"},"inLanguage":"nb-NO","potentialAction":[{"@type":"ReadAction","target":["https:\/\/skandinaviskautflykter.com\/no\/tours\/mandag-torsdag-lordag-beromte-gran-canaria-rundt\/"]}]},{"@type":"ImageObject","inLanguage":"nb-NO","@id":"https:\/\/skandinaviskautflykter.com\/no\/tours\/mandag-torsdag-lordag-beromte-gran-canaria-rundt\/#primaryimage","url":"https:\/\/skandinaviskautflykter.com\/wp-content\/uploads\/agaete_Ws.jpg","contentUrl":"https:\/\/skandinaviskautflykter.com\/wp-content\/uploads\/agaete_Ws.jpg","width":1920,"height":1280},{"@type":"BreadcrumbList","@id":"https:\/\/skandinaviskautflykter.com\/no\/tours\/mandag-torsdag-lordag-beromte-gran-canaria-rundt\/#breadcrumb","itemListElement":[{"@type":"ListItem","position":1,"name":"Home","item":"https:\/\/skandinaviskautflykter.com\/no\/"},{"@type":"ListItem","position":2,"name":"Produkter","item":"https:\/\/skandinaviskautflykter.com\/no\/shop\/"},{"@type":"ListItem","position":3,"name":"| Mandag, torsdag, l\u00f8rdag | BER\u00d8MTE GRAN CANARIA RUNDT"}]},{"@type":"WebSite","@id":"https:\/\/skandinaviskautflykter.com\/no\/#website","url":"https:\/\/skandinaviskautflykter.com\/no\/","name":"Skandinaviska Utflykter","description":"Discover the best of the Canary Islands with those who know them best","publisher":{"@id":"https:\/\/skandinaviskautflykter.com\/no\/#organization"},"potentialAction":[{"@type":"SearchAction","target":{"@type":"EntryPoint","urlTemplate":"https:\/\/skandinaviskautflykter.com\/no\/?s={search_term_string}"},"query-input":{"@type":"PropertyValueSpecification","valueRequired":true,"valueName":"search_term_string"}}],"inLanguage":"nb-NO"},{"@type":"Organization","@id":"https:\/\/skandinaviskautflykter.com\/no\/#organization","name":"Skandinaviska Utflykter","url":"https:\/\/skandinaviskautflykter.com\/no\/","logo":{"@type":"ImageObject","inLanguage":"nb-NO","@id":"https:\/\/skandinaviskautflykter.com\/no\/#\/schema\/logo\/image\/","url":"https:\/\/skandinaviskautflykter.com\/wp-content\/uploads\/logo-big.png","contentUrl":"https:\/\/skandinaviskautflykter.com\/wp-content\/uploads\/logo-big.png","width":317,"height":141,"caption":"Skandinaviska Utflykter"},"image":{"@id":"https:\/\/skandinaviskautflykter.com\/no\/#\/schema\/logo\/image\/"}}]}},"_links":{"self":[{"href":"https:\/\/skandinaviskautflykter.com\/no\/wp-json\/wp\/v2\/product\/2960","targetHints":{"allow":["GET"]}}],"collection":[{"href":"https:\/\/skandinaviskautflykter.com\/no\/wp-json\/wp\/v2\/product"}],"about":[{"href":"https:\/\/skandinaviskautflykter.com\/no\/wp-json\/wp\/v2\/types\/product"}],"replies":[{"embeddable":true,"href":"https:\/\/skandinaviskautflykter.com\/no\/wp-json\/wp\/v2\/comments?post=2960"}],"wp:featuredmedia":[{"embeddable":true,"href":"https:\/\/skandinaviskautflykter.com\/no\/wp-json\/wp\/v2\/media\/3029"}],"wp:attachment":[{"href":"https:\/\/skandinaviskautflykter.com\/no\/wp-json\/wp\/v2\/media?parent=2960"}],"wp:term":[{"taxonomy":"product_brand","embeddable":true,"href":"https:\/\/skandinaviskautflykter.com\/no\/wp-json\/wp\/v2\/product_brand?post=2960"},{"taxonomy":"product_cat","embeddable":true,"href":"https:\/\/skandinaviskautflykter.com\/no\/wp-json\/wp\/v2\/product_cat?post=2960"},{"taxonomy":"product_tag","embeddable":true,"href":"https:\/\/skandinaviskautflykter.com\/no\/wp-json\/wp\/v2\/product_tag?post=2960"}],"curies":[{"name":"wp","href":"https:\/\/api.w.org\/{rel}","templated":true}]}}