{"id":2994,"date":"2025-09-04T18:06:20","date_gmt":"2025-09-04T18:06:20","guid":{"rendered":"https:\/\/skandinaviskautflykter.com\/tours\/onsdag-las-palmas-shopping-kultur\/"},"modified":"2026-01-09T19:26:48","modified_gmt":"2026-01-09T18:26:48","slug":"onsdag-las-palmas-shopping-kultur","status":"publish","type":"product","link":"https:\/\/skandinaviskautflykter.com\/no\/tours\/onsdag-las-palmas-shopping-kultur\/","title":{"rendered":"| Onsdag | LAS PALMAS SHOPPING &amp; KULTUR"},"content":{"rendered":"<p class=\"dia\" style=\"text-align: center;\">Onsdag<\/p>\n<h1 style=\"text-align: center;\">LAS PALMAS SHOPPING &amp; KULTUR<\/h1>\n<h2 align=\"CENTER\"><span style=\"color: #2196cf;\">F\u00d8LG MED P\u00c5 EN UNIK TUR TIL GRAN CANARIAS LIVLIGE HOVEDSTAD LAS PALMAS, OFTE KALT &laquo;BYEN MED MANGE ANSIKTER&raquo;. HER M\u00d8TES KULTUR, HISTORIE, SHOPPING OG ARKITEKTUR \u2013 ET STED SOM SELVF\u00d8LGELIG M\u00c5 BES\u00d8KES. <\/span><\/h2>\n<h5 style=\"text-align: center;\"><span style=\"color: #008000;\">Dere f\u00e5r en flaske r\u00f8dvin\/par som gave og smakspr\u00f8ve av lokal olivenolje<\/span><\/h5>\n<p>Bli med oss p\u00e5 denne <strong>unike turen til \u00f8yas hovedstad Las Palmas<\/strong>, ofte kalt <strong>\u00abbyen med mange ansikter\u00bb<\/strong>. Las Palmas er virkelig et sted man m\u00e5 bes\u00f8ke. Her finner du <strong>alt fra shopping, historie, arkitektur og pittoreske promenadeomr\u00e5der<\/strong>.<\/p>\n<p style=\"text-align: center;\"><button id=\"read-more\" class=\"read-more-button\">Mer informasjon<\/button><\/p>\n<div id=\"more-content\" class=\"more-content\" style=\"display: none;\">\n<p>Vi stopper mellom den eldste delen av Vegueta og Triana, som er k\u00e5ret til en av Europas beste handlegater. Her kan du rusle rundt blant butikker og bygninger med vakre fasader. Vi anbefaler \u00e5 ta heisen opp til det \u00f8verste t\u00e5rnet i den ber\u00f8mte <strong>\u00abSanta Ana-katedralen\u00bb<\/strong>, hvor du f\u00e5r en fantastisk utsikt over hele hovedstaden.<\/p>\n<p>Det var nettopp i Las Palmas at turismen startet, og byen er fortsatt en favoritt i dag. V\u00e5r dyktige guide deler med seg av mye interessant informasjon og morsomme anekdoter. Deretter forlater vi storbyens puls og tar oss opp i fjellene for \u00e5 stoppe ved en <strong>idyllisk kanarisk g\u00e5rd<\/strong>.<\/p>\n<p>Her kan vi spise og drikke godt og nyte <strong>ro, natur og omgivelser<\/strong>. Vi byr p\u00e5 <strong>gratis vinsmaking av lokale spanske viner<\/strong>, et bredt utvalg av aloe vera-produkter, kanariske spesialiteter og mye mer. F\u00f8r vi forlater g\u00e5rden deler guiden ut <strong>en flaske r\u00f8dvin per par i gave<\/strong>. Forn\u00f8yde med dagen vender vi deretter tilbake.<\/p>\n<\/div>\n<p>&nbsp;<\/p>\n<table class=\"table table-bordered tours-tabs__table\" style=\"height: 233px;\" width=\"862\">\n<tbody>\n<tr>\n<td><strong data-start=\"71\" data-end=\"85\">Avreisestid<\/strong><\/td>\n<td>Se avreisestid under fanen &laquo;bussen henter&raquo; nedenfor<\/td>\n<\/tr>\n<tr>\n<td><strong>Ankomsttid ca.<\/strong><\/td>\n<td>\n<div class=\"qodef-value\">17:30<\/div>\n<\/td>\n<\/tr>\n<tr>\n<td><strong>Anbefalt bekledning<\/strong><\/td>\n<td>Ha p\u00e5 deg komfortable kl\u00e6r og sko, ta alltid med en ekstra genser eller jakke da v\u00e6ret kan endre seg.<\/td>\n<\/tr>\n<tr>\n<td><strong>Hva er inkludert i utfluktsprisen?<\/strong><\/td>\n<td>\n<table class=\"table table-bordered\" style=\"height: 62px;\" width=\"300\">\n<tbody>\n<tr>\n<td><i class=\"fa fa-check icon-tick icon-tick--on\"><\/i>Dere f\u00e5r en flaske r\u00f8dvin\/par som gave og smakspr\u00f8ve av lokal olivenolje<\/td>\n<td><i class=\"fa fa-check icon-tick icon-tick--on\"><\/i>Utflukt med skandinavisktalende guide<\/td>\n<\/tr>\n<tr>\n<td><i class=\"fa fa-check icon-tick icon-tick--on\"><\/i>Spansk tapas lunsj med vin<\/td>\n<td><\/td>\n<\/tr>\n<\/tbody>\n<\/table>\n<\/td>\n<\/tr>\n<tr>\n<td><strong>Passer for<\/strong><\/td>\n<td><i class=\"fa fa-check icon-tick icon-tick--on\"><\/i>Deg som ikke vil forlate \u00f8ya uten \u00e5 ha bes\u00f8kt hovedstaden. Rusle rundt p\u00e5 egen h\u00e5nd gjennom byens smug og avslutt i landlig milj\u00f8 &#8211; det beste av to verdener.<\/td>\n<\/tr>\n<\/tbody>\n<\/table>\n<h2 align=\"CENTER\"><\/h2>\n<h2 align=\"CENTER\">KART OVER UTFLUKTENS RUTE<\/h2>\n<p style=\"text-align: center;\">Du kan klikke p\u00e5 bildet for \u00e5 zoome inn \ud83d\ude42<\/p>\n<p style=\"text-align: center;\"><img loading=\"lazy\" decoding=\"async\" class=\"alignnone wp-image-2640 size-full\" src=\"https:\/\/skandinaviskautflykter.com\/wp-content\/uploads\/Las-Palmas.jpg\" alt=\"\" width=\"1920\" height=\"1080\" srcset=\"https:\/\/skandinaviskautflykter.com\/wp-content\/uploads\/Las-Palmas.jpg 1920w, https:\/\/skandinaviskautflykter.com\/wp-content\/uploads\/Las-Palmas-768x432.jpg 768w, https:\/\/skandinaviskautflykter.com\/wp-content\/uploads\/Las-Palmas-1536x864.jpg 1536w, https:\/\/skandinaviskautflykter.com\/wp-content\/uploads\/Las-Palmas-600x338.jpg 600w\" sizes=\"auto, (max-width: 1920px) 100vw, 1920px\" \/><\/p>\n","protected":false},"excerpt":{"rendered":"<p>Vi begynner dagen med \u00e5 dra til \u00f8yas <strong>hovedstad \u2013 Las Palmas<\/strong>. Vi drar til <strong>byens hjerte<\/strong>, mellom den historiske bydelen Vegueta og shoppinggaten Triana, som er utnevnt til en av Europas beste g\u00e5gater.<\/p>\n","protected":false},"featured_media":2990,"comment_status":"closed","ping_status":"closed","template":"","meta":{"_glsr_average":0,"_glsr_ranking":0,"_glsr_reviews":0},"product_brand":[],"product_cat":[122],"product_tag":[145,139,143,146,144],"class_list":{"0":"post-2994","1":"product","2":"type-product","3":"status-publish","4":"has-post-thumbnail","6":"product_cat-uncategorized-no","7":"product_tag-cruz-tejeda","8":"product_tag-gran-canaria","9":"product_tag-maspalomas","10":"product_tag-mirador-yeguas","11":"product_tag-roque-nublo","12":"tour_category-sor","14":"first","15":"instock","16":"sale","17":"shipping-taxable","18":"purchasable","19":"product-type-tour"},"yoast_head":"<!-- This site is optimized with the Yoast SEO plugin v27.1 - https:\/\/yoast.com\/product\/yoast-seo-wordpress\/ -->\n<title>| Onsdag | LAS PALMAS SHOPPING &amp; KULTUR - Skandinaviska Utflykter<\/title>\n<meta name=\"robots\" content=\"index, follow, max-snippet:-1, max-image-preview:large, max-video-preview:-1\" \/>\n<link rel=\"canonical\" href=\"https:\/\/skandinaviskautflykter.com\/no\/tours\/onsdag-las-palmas-shopping-kultur\/\" \/>\n<meta property=\"og:locale\" content=\"nb_NO\" \/>\n<meta property=\"og:type\" content=\"article\" \/>\n<meta property=\"og:title\" content=\"| Onsdag | LAS PALMAS SHOPPING &amp; KULTUR - Skandinaviska Utflykter\" \/>\n<meta property=\"og:description\" content=\"Vi begynner dagen med \u00e5 dra til \u00f8yas hovedstad \u2013 Las Palmas. Vi drar til byens hjerte, mellom den historiske bydelen Vegueta og shoppinggaten Triana, som er utnevnt til en av Europas beste g\u00e5gater.\" \/>\n<meta property=\"og:url\" content=\"https:\/\/skandinaviskautflykter.com\/no\/tours\/onsdag-las-palmas-shopping-kultur\/\" \/>\n<meta property=\"og:site_name\" content=\"Skandinaviska Utflykter\" \/>\n<meta property=\"article:modified_time\" content=\"2026-01-09T18:26:48+00:00\" \/>\n<meta property=\"og:image\" content=\"https:\/\/skandinaviskautflykter.com\/wp-content\/uploads\/las-palmas-3.jpg\" \/>\n\t<meta property=\"og:image:width\" content=\"1920\" \/>\n\t<meta property=\"og:image:height\" content=\"1189\" \/>\n\t<meta property=\"og:image:type\" content=\"image\/jpeg\" \/>\n<meta name=\"twitter:card\" content=\"summary_large_image\" \/>\n<script type=\"application\/ld+json\" class=\"yoast-schema-graph\">{\"@context\":\"https:\/\/schema.org\",\"@graph\":[{\"@type\":\"WebPage\",\"@id\":\"https:\/\/skandinaviskautflykter.com\/no\/tours\/onsdag-las-palmas-shopping-kultur\/\",\"url\":\"https:\/\/skandinaviskautflykter.com\/no\/tours\/onsdag-las-palmas-shopping-kultur\/\",\"name\":\"| Onsdag | LAS PALMAS SHOPPING &amp; KULTUR - Skandinaviska Utflykter\",\"isPartOf\":{\"@id\":\"https:\/\/skandinaviskautflykter.com\/no\/#website\"},\"primaryImageOfPage\":{\"@id\":\"https:\/\/skandinaviskautflykter.com\/no\/tours\/onsdag-las-palmas-shopping-kultur\/#primaryimage\"},\"image\":{\"@id\":\"https:\/\/skandinaviskautflykter.com\/no\/tours\/onsdag-las-palmas-shopping-kultur\/#primaryimage\"},\"thumbnailUrl\":\"https:\/\/skandinaviskautflykter.com\/wp-content\/uploads\/las-palmas-3.jpg\",\"datePublished\":\"2025-09-04T18:06:20+00:00\",\"dateModified\":\"2026-01-09T18:26:48+00:00\",\"breadcrumb\":{\"@id\":\"https:\/\/skandinaviskautflykter.com\/no\/tours\/onsdag-las-palmas-shopping-kultur\/#breadcrumb\"},\"inLanguage\":\"nb-NO\",\"potentialAction\":[{\"@type\":\"ReadAction\",\"target\":[\"https:\/\/skandinaviskautflykter.com\/no\/tours\/onsdag-las-palmas-shopping-kultur\/\"]}]},{\"@type\":\"ImageObject\",\"inLanguage\":\"nb-NO\",\"@id\":\"https:\/\/skandinaviskautflykter.com\/no\/tours\/onsdag-las-palmas-shopping-kultur\/#primaryimage\",\"url\":\"https:\/\/skandinaviskautflykter.com\/wp-content\/uploads\/las-palmas-3.jpg\",\"contentUrl\":\"https:\/\/skandinaviskautflykter.com\/wp-content\/uploads\/las-palmas-3.jpg\",\"width\":1920,\"height\":1189},{\"@type\":\"BreadcrumbList\",\"@id\":\"https:\/\/skandinaviskautflykter.com\/no\/tours\/onsdag-las-palmas-shopping-kultur\/#breadcrumb\",\"itemListElement\":[{\"@type\":\"ListItem\",\"position\":1,\"name\":\"Home\",\"item\":\"https:\/\/skandinaviskautflykter.com\/no\/\"},{\"@type\":\"ListItem\",\"position\":2,\"name\":\"Produkter\",\"item\":\"https:\/\/skandinaviskautflykter.com\/no\/shop\/\"},{\"@type\":\"ListItem\",\"position\":3,\"name\":\"| Onsdag | LAS PALMAS SHOPPING &amp; KULTUR\"}]},{\"@type\":\"WebSite\",\"@id\":\"https:\/\/skandinaviskautflykter.com\/no\/#website\",\"url\":\"https:\/\/skandinaviskautflykter.com\/no\/\",\"name\":\"Skandinaviska Utflykter\",\"description\":\"Discover the best of the Canary Islands with those who know them best\",\"publisher\":{\"@id\":\"https:\/\/skandinaviskautflykter.com\/no\/#organization\"},\"potentialAction\":[{\"@type\":\"SearchAction\",\"target\":{\"@type\":\"EntryPoint\",\"urlTemplate\":\"https:\/\/skandinaviskautflykter.com\/no\/?s={search_term_string}\"},\"query-input\":{\"@type\":\"PropertyValueSpecification\",\"valueRequired\":true,\"valueName\":\"search_term_string\"}}],\"inLanguage\":\"nb-NO\"},{\"@type\":\"Organization\",\"@id\":\"https:\/\/skandinaviskautflykter.com\/no\/#organization\",\"name\":\"Skandinaviska Utflykter\",\"url\":\"https:\/\/skandinaviskautflykter.com\/no\/\",\"logo\":{\"@type\":\"ImageObject\",\"inLanguage\":\"nb-NO\",\"@id\":\"https:\/\/skandinaviskautflykter.com\/no\/#\/schema\/logo\/image\/\",\"url\":\"https:\/\/skandinaviskautflykter.com\/wp-content\/uploads\/logo-big.png\",\"contentUrl\":\"https:\/\/skandinaviskautflykter.com\/wp-content\/uploads\/logo-big.png\",\"width\":317,\"height\":141,\"caption\":\"Skandinaviska Utflykter\"},\"image\":{\"@id\":\"https:\/\/skandinaviskautflykter.com\/no\/#\/schema\/logo\/image\/\"}}]}<\/script>\n<!-- \/ Yoast SEO plugin. -->","yoast_head_json":{"title":"| Onsdag | LAS PALMAS SHOPPING &amp; KULTUR - Skandinaviska Utflykter","robots":{"index":"index","follow":"follow","max-snippet":"max-snippet:-1","max-image-preview":"max-image-preview:large","max-video-preview":"max-video-preview:-1"},"canonical":"https:\/\/skandinaviskautflykter.com\/no\/tours\/onsdag-las-palmas-shopping-kultur\/","og_locale":"nb_NO","og_type":"article","og_title":"| Onsdag | LAS PALMAS SHOPPING &amp; KULTUR - Skandinaviska Utflykter","og_description":"Vi begynner dagen med \u00e5 dra til \u00f8yas hovedstad \u2013 Las Palmas. Vi drar til byens hjerte, mellom den historiske bydelen Vegueta og shoppinggaten Triana, som er utnevnt til en av Europas beste g\u00e5gater.","og_url":"https:\/\/skandinaviskautflykter.com\/no\/tours\/onsdag-las-palmas-shopping-kultur\/","og_site_name":"Skandinaviska Utflykter","article_modified_time":"2026-01-09T18:26:48+00:00","og_image":[{"width":1920,"height":1189,"url":"https:\/\/skandinaviskautflykter.com\/wp-content\/uploads\/las-palmas-3.jpg","type":"image\/jpeg"}],"twitter_card":"summary_large_image","schema":{"@context":"https:\/\/schema.org","@graph":[{"@type":"WebPage","@id":"https:\/\/skandinaviskautflykter.com\/no\/tours\/onsdag-las-palmas-shopping-kultur\/","url":"https:\/\/skandinaviskautflykter.com\/no\/tours\/onsdag-las-palmas-shopping-kultur\/","name":"| Onsdag | LAS PALMAS SHOPPING &amp; KULTUR - Skandinaviska Utflykter","isPartOf":{"@id":"https:\/\/skandinaviskautflykter.com\/no\/#website"},"primaryImageOfPage":{"@id":"https:\/\/skandinaviskautflykter.com\/no\/tours\/onsdag-las-palmas-shopping-kultur\/#primaryimage"},"image":{"@id":"https:\/\/skandinaviskautflykter.com\/no\/tours\/onsdag-las-palmas-shopping-kultur\/#primaryimage"},"thumbnailUrl":"https:\/\/skandinaviskautflykter.com\/wp-content\/uploads\/las-palmas-3.jpg","datePublished":"2025-09-04T18:06:20+00:00","dateModified":"2026-01-09T18:26:48+00:00","breadcrumb":{"@id":"https:\/\/skandinaviskautflykter.com\/no\/tours\/onsdag-las-palmas-shopping-kultur\/#breadcrumb"},"inLanguage":"nb-NO","potentialAction":[{"@type":"ReadAction","target":["https:\/\/skandinaviskautflykter.com\/no\/tours\/onsdag-las-palmas-shopping-kultur\/"]}]},{"@type":"ImageObject","inLanguage":"nb-NO","@id":"https:\/\/skandinaviskautflykter.com\/no\/tours\/onsdag-las-palmas-shopping-kultur\/#primaryimage","url":"https:\/\/skandinaviskautflykter.com\/wp-content\/uploads\/las-palmas-3.jpg","contentUrl":"https:\/\/skandinaviskautflykter.com\/wp-content\/uploads\/las-palmas-3.jpg","width":1920,"height":1189},{"@type":"BreadcrumbList","@id":"https:\/\/skandinaviskautflykter.com\/no\/tours\/onsdag-las-palmas-shopping-kultur\/#breadcrumb","itemListElement":[{"@type":"ListItem","position":1,"name":"Home","item":"https:\/\/skandinaviskautflykter.com\/no\/"},{"@type":"ListItem","position":2,"name":"Produkter","item":"https:\/\/skandinaviskautflykter.com\/no\/shop\/"},{"@type":"ListItem","position":3,"name":"| Onsdag | LAS PALMAS SHOPPING &amp; KULTUR"}]},{"@type":"WebSite","@id":"https:\/\/skandinaviskautflykter.com\/no\/#website","url":"https:\/\/skandinaviskautflykter.com\/no\/","name":"Skandinaviska Utflykter","description":"Discover the best of the Canary Islands with those who know them best","publisher":{"@id":"https:\/\/skandinaviskautflykter.com\/no\/#organization"},"potentialAction":[{"@type":"SearchAction","target":{"@type":"EntryPoint","urlTemplate":"https:\/\/skandinaviskautflykter.com\/no\/?s={search_term_string}"},"query-input":{"@type":"PropertyValueSpecification","valueRequired":true,"valueName":"search_term_string"}}],"inLanguage":"nb-NO"},{"@type":"Organization","@id":"https:\/\/skandinaviskautflykter.com\/no\/#organization","name":"Skandinaviska Utflykter","url":"https:\/\/skandinaviskautflykter.com\/no\/","logo":{"@type":"ImageObject","inLanguage":"nb-NO","@id":"https:\/\/skandinaviskautflykter.com\/no\/#\/schema\/logo\/image\/","url":"https:\/\/skandinaviskautflykter.com\/wp-content\/uploads\/logo-big.png","contentUrl":"https:\/\/skandinaviskautflykter.com\/wp-content\/uploads\/logo-big.png","width":317,"height":141,"caption":"Skandinaviska Utflykter"},"image":{"@id":"https:\/\/skandinaviskautflykter.com\/no\/#\/schema\/logo\/image\/"}}]}},"_links":{"self":[{"href":"https:\/\/skandinaviskautflykter.com\/no\/wp-json\/wp\/v2\/product\/2994","targetHints":{"allow":["GET"]}}],"collection":[{"href":"https:\/\/skandinaviskautflykter.com\/no\/wp-json\/wp\/v2\/product"}],"about":[{"href":"https:\/\/skandinaviskautflykter.com\/no\/wp-json\/wp\/v2\/types\/product"}],"replies":[{"embeddable":true,"href":"https:\/\/skandinaviskautflykter.com\/no\/wp-json\/wp\/v2\/comments?post=2994"}],"wp:featuredmedia":[{"embeddable":true,"href":"https:\/\/skandinaviskautflykter.com\/no\/wp-json\/wp\/v2\/media\/2990"}],"wp:attachment":[{"href":"https:\/\/skandinaviskautflykter.com\/no\/wp-json\/wp\/v2\/media?parent=2994"}],"wp:term":[{"taxonomy":"product_brand","embeddable":true,"href":"https:\/\/skandinaviskautflykter.com\/no\/wp-json\/wp\/v2\/product_brand?post=2994"},{"taxonomy":"product_cat","embeddable":true,"href":"https:\/\/skandinaviskautflykter.com\/no\/wp-json\/wp\/v2\/product_cat?post=2994"},{"taxonomy":"product_tag","embeddable":true,"href":"https:\/\/skandinaviskautflykter.com\/no\/wp-json\/wp\/v2\/product_tag?post=2994"}],"curies":[{"name":"wp","href":"https:\/\/api.w.org\/{rel}","templated":true}]}}